{"id":92,"date":"2015-09-04T12:12:14","date_gmt":"2015-09-04T10:12:14","guid":{"rendered":"http:\/\/3dms.fr\/?page_id=92"},"modified":"2022-10-20T15:43:14","modified_gmt":"2022-10-20T14:43:14","slug":"prestations","status":"publish","type":"page","link":"https:\/\/3dms.fr\/index.php\/prestations","title":{"rendered":"Nos produits"},"content":{"rendered":"<h1 style=\"text-align: center;\"><a href=\"\/\/3dms.fr\/index.php\/prestations\/illustrations\/\">3dms met en sc\u00e8ne par l\u2019illustration 3D vos projets.<\/a><\/h1>\n<div id=\"attachment_1779\" style=\"width: 310px\" class=\"wp-caption alignleft\"><a href=\"\/\/3dms.fr\/index.php\/prestations\/illustrations\/\"><img aria-describedby=\"caption-attachment-1779\" loading=\"lazy\" class=\"wp-image-1779 size-medium\" title=\"En savoir plus sur les illustrations\" src=\"\/\/3dms.fr\/wp-content\/uploads\/2015\/10\/illustration-3d-de-projet-de-rehabilitation-de-batiment-au-port-de-saint-brieuc-300x200.jpg\" alt=\"Image d'illustration 3D d'un projet immobilier \u00e0 Saint-Brieuc\" width=\"300\" height=\"200\" srcset=\"https:\/\/3dms.fr\/wp-content\/uploads\/2015\/10\/illustration-3d-de-projet-de-rehabilitation-de-batiment-au-port-de-saint-brieuc-300x200.jpg 300w, https:\/\/3dms.fr\/wp-content\/uploads\/2015\/10\/illustration-3d-de-projet-de-rehabilitation-de-batiment-au-port-de-saint-brieuc-1024x682.jpg 1024w, https:\/\/3dms.fr\/wp-content\/uploads\/2015\/10\/BM_ALB_web-1200x799.jpg 1200w, https:\/\/3dms.fr\/wp-content\/uploads\/2015\/10\/illustration-3d-de-projet-de-rehabilitation-de-batiment-au-port-de-saint-brieuc-924x615.jpg 924w, https:\/\/3dms.fr\/wp-content\/uploads\/2015\/10\/illustration-3d-de-projet-de-rehabilitation-de-batiment-au-port-de-saint-brieuc-50x33.jpg 50w, https:\/\/3dms.fr\/wp-content\/uploads\/2015\/10\/illustration-3d-de-projet-de-rehabilitation-de-batiment-au-port-de-saint-brieuc.jpg 1280w\" sizes=\"(max-width: 300px) 100vw, 300px\" \/><\/a><p id=\"caption-attachment-1779\" class=\"wp-caption-text\">Perspective d&#8217;illustration 3D avec ambiance de d\u00e9but de journ\u00e9e<\/p><\/div>\n<p style=\"text-align: justify;\">Ces images de synth\u00e8se vous apporteront un outil de communication\u00a0compl\u00e9mentaire \u00e0 votre politique commerciale.<\/p>\n<p style=\"text-align: justify;\">Notre expertise saura r\u00e9pondre \u00e0 des domaines vari\u00e9s, allant de la perspective pour la promotion immobili\u00e8re jusqu\u2019\u00e0 l\u2019illustration produit pour vos catalogues.<br \/>\nLe travail est r\u00e9alis\u00e9 \u00e0 partir des plans 3D dwg, dxf, pdf vectoris\u00e9s et du cahier technique fournis par le client.<\/p>\n<p style=\"text-align: right;\"><a href=\"\/\/3dms.fr\/index.php\/prestations\/illustrations\/\"><span style=\"text-decoration: underline;\">D\u00e9couvrir notre offre &#8220;ILLUSTRATION&#8221;<\/span><\/a><\/p>\n<div class=\"clearfix divider-common divider-thinfade\" style=\"padding-top:25px;padding-bottom:10px;\"><\/div>\n<h1 style=\"text-align: center;\"><a href=\"https:\/\/3dms.fr\/index.php\/les-films-danimations-2\">3dms\u00a0r\u00e9alise pour vous un film sur mesure.<\/a><\/h1>\n<div id=\"attachment_893\" style=\"width: 310px\" class=\"wp-caption alignleft\"><a href=\"https:\/\/3dms.fr\/index.php\/les-films-danimations-2\"><img aria-describedby=\"caption-attachment-893\" loading=\"lazy\" class=\"wp-image-893 size-medium\" title=\"En savoir plus sur nos films\" src=\"https:\/\/3dms.fr\/wp-content\/uploads\/2015\/11\/film-d-animation-3d-de-promotion-immobiliere-pour-un-projet-immobilier-au-bord-d-un-canal-300x169.png\" alt=\"Film d'animation 3D de promotion immobili\u00e8re avec localisation en vue satellite, avec lignes de transports publics suivi d'une d\u00e9ambulation en visite virtuelle avec panoramiques sur illustrations 3D, ambiance de nuit\" width=\"300\" height=\"169\" srcset=\"https:\/\/3dms.fr\/wp-content\/uploads\/2015\/11\/film-d-animation-3d-de-promotion-immobiliere-pour-un-projet-immobilier-au-bord-d-un-canal-300x169.png 300w, https:\/\/3dms.fr\/wp-content\/uploads\/2015\/11\/film-d-animation-3d-de-promotion-immobiliere-pour-un-projet-immobilier-au-bord-d-un-canal-924x520.png 924w, https:\/\/3dms.fr\/wp-content\/uploads\/2015\/11\/film-d-animation-3d-de-promotion-immobiliere-pour-un-projet-immobilier-au-bord-d-un-canal-50x28.png 50w, https:\/\/3dms.fr\/wp-content\/uploads\/2015\/11\/film-d-animation-3d-de-promotion-immobiliere-pour-un-projet-immobilier-au-bord-d-un-canal.png 960w\" sizes=\"(max-width: 300px) 100vw, 300px\" \/><\/a><p id=\"caption-attachment-893\" class=\"wp-caption-text\">Film d&#8217;animation 3D projet immobilier \u00e0 Strasbourg<\/p><\/div>\n<div>\n<p style=\"text-align: justify;\">Pour la commercialisation d\u2019un projet immobilier, la communication sur un lieu en particulier, vous pouvez \u00eatre amen\u00e9 \u00e0 communiquer aid\u00e9 par un film d\u2019animation 3D. Visitez un appartement, une maison, un b\u00e2timent industriel de fa\u00e7on simple, claire et rapide&#8230;<br \/>\nDans le cadre d\u2019une campagne de communication, vous pouvez avoir besoin de faire\u00a0r\u00e9aliser un film 3D dont l\u2019objectif est de pr\u00e9senter une entreprise (film institutionnel), un produit ou un concept, un \u00e9v\u00e9nement (carte de v\u0153ux, inauguration\u2026).<\/p>\n<\/div>\n<div>\n<p><span style=\"text-decoration: underline;\"><a href=\"https:\/\/3dms.fr\/index.php\/les-films-danimations-2\">D\u00e9couvrir notre offre &#8220;FILMS&#8221;<\/a><\/span><\/p>\n<\/div>\n<div class=\"clearfix divider-common divider-thinfade\" style=\"padding-top:35px;padding-bottom:10px;\"><\/div>\n<h1 style=\"text-align: center;\"><a href=\"\/\/3dms.fr\/index.php\/prestations\/outils-daide-a-la-vente\/\">3dms r\u00e9alise pour vous des outils d&#8217;aide \u00e0 la vente sp\u00e9cifique.<\/a><\/h1>\n<div id=\"attachment_145\" style=\"width: 310px\" class=\"wp-caption alignleft\"><a href=\"\/\/3dms.fr\/index.php\/prestations\/outils-daide-a-la-vente\/\"><img aria-describedby=\"caption-attachment-145\" loading=\"lazy\" class=\"wp-image-145\" title=\"En savoir plus sur nos solutions d'aide \u00e0 la vente\" src=\"\/\/3dms.fr\/wp-content\/uploads\/2015\/09\/Tablette_et_doigts_fvi_tdh-300x200.jpg\" alt=\"fvi visuel\" width=\"300\" height=\"200\" srcset=\"https:\/\/3dms.fr\/wp-content\/uploads\/2015\/09\/Tablette_et_doigts_fvi_tdh-300x200.jpg 300w, https:\/\/3dms.fr\/wp-content\/uploads\/2015\/09\/Tablette_et_doigts_fvi_tdh.jpg 1024w, https:\/\/3dms.fr\/wp-content\/uploads\/2015\/09\/Tablette_et_doigts_fvi_tdh-924x614.jpg 924w, https:\/\/3dms.fr\/wp-content\/uploads\/2015\/09\/Tablette_et_doigts_fvi_tdh-50x33.jpg 50w\" sizes=\"(max-width: 300px) 100vw, 300px\" \/><\/a><p id=\"caption-attachment-145\" class=\"wp-caption-text\">En savoir plus sur nos solutions d&#8217;aide \u00e0 la vente<\/p><\/div>\n<p style=\"text-align: justify;\">Notre \u00e9quipe devient la v\u00f4tre afin de d\u00e9velopper des solutions cl\u00e9 en main pour votre projet. Fiche de vente interactive, maquette \u00e0 360\u00b0, visite virtuelle et immersive mettent vos produits en avant de mani\u00e8re efficace et intuitive, compatible sur tous les supports modernes. Un co\u00fbt ma\u00eetris\u00e9 pour des outils de communication uniques, facilement int\u00e9grables sur votre espace de vente ou site web, au service de votre \u00e9quipe commerciale et aux couleurs de votre entreprise.<\/p>\n<p style=\"text-align: right;\"><span style=\"text-decoration: underline;\"><a href=\"\/\/3dms.fr\/index.php\/prestations\/outils-daide-a-la-vente\/\">D\u00e9couvrir notre offre &#8220;OUTILS AIDE A LA VENTE&#8221;<\/a><\/span><\/p>\n","protected":false},"excerpt":{"rendered":"<p>3dms met en sc\u00e8ne par l\u2019illustration 3D vos projets. Ces images de synth\u00e8se vous apporteront un outil de communication\u00a0compl\u00e9mentaire \u00e0 votre politique commerciale. Notre expertise saura r\u00e9pondre \u00e0 des domaines vari\u00e9s, allant de la perspective pour la promotion immobili\u00e8re jusqu\u2019\u00e0 l\u2019illustration produit pour vos catalogues. Le travail est r\u00e9alis\u00e9 \u00e0 partir des plans 3D dwg, dxf, pdf vectoris\u00e9s et du cahier technique fournis par le client. D\u00e9couvrir notre offre &#8220;ILLUSTRATION&#8221; 3dms\u00a0r\u00e9alise pour vous un film sur mesure. Pour la commercialisation [&hellip;]<\/p>\n","protected":false},"author":1,"featured_media":0,"parent":0,"menu_order":0,"comment_status":"closed","ping_status":"closed","template":"","meta":[],"aioseo_notices":[],"_links":{"self":[{"href":"https:\/\/3dms.fr\/index.php\/wp-json\/wp\/v2\/pages\/92"}],"collection":[{"href":"https:\/\/3dms.fr\/index.php\/wp-json\/wp\/v2\/pages"}],"about":[{"href":"https:\/\/3dms.fr\/index.php\/wp-json\/wp\/v2\/types\/page"}],"author":[{"embeddable":true,"href":"https:\/\/3dms.fr\/index.php\/wp-json\/wp\/v2\/users\/1"}],"replies":[{"embeddable":true,"href":"https:\/\/3dms.fr\/index.php\/wp-json\/wp\/v2\/comments?post=92"}],"version-history":[{"count":94,"href":"https:\/\/3dms.fr\/index.php\/wp-json\/wp\/v2\/pages\/92\/revisions"}],"predecessor-version":[{"id":2062,"href":"https:\/\/3dms.fr\/index.php\/wp-json\/wp\/v2\/pages\/92\/revisions\/2062"}],"wp:attachment":[{"href":"https:\/\/3dms.fr\/index.php\/wp-json\/wp\/v2\/media?parent=92"}],"curies":[{"name":"wp","href":"https:\/\/api.w.org\/{rel}","templated":true}]}}