{"id":380,"date":"2015-10-20T10:07:20","date_gmt":"2015-10-20T08:07:20","guid":{"rendered":"http:\/\/3dms.fr\/?page_id=380"},"modified":"2015-11-17T12:52:55","modified_gmt":"2015-11-17T10:52:55","slug":"film-immobilier-entreprise","status":"publish","type":"page","link":"https:\/\/3dms.fr\/index.php\/prestations\/film-immobilier-entreprise","title":{"rendered":"Film d&#8217;animation 3D pour l&#8217;immobilier d&#8217;entreprise"},"content":{"rendered":"<p><a href=\"https:\/\/vimeo.com\/142893123\">https:\/\/vimeo.com\/142893123<\/a><\/p>\n<div class=\"clearfix divider-common divider-thinfade\" style=\"padding-top:50px;padding-bottom:50px;\"><\/div>\n<h2 style=\"text-align: center;\">Film d&#8217;animation 3D de visite d&#8217;immobilier d&#8217;entreprise<\/h2>\n<div class=\"column2 column_space\"><p style=\"text-align: justify;\">Dans le cadre de la commercialisation d&#8217;un projet immobilier vous \u00eates amen\u00e9 \u00e0 communiquer sur votre prochaine r\u00e9alisation, aid\u00e9 par un film d&#8217;animation 3D.<\/p>\n<p style=\"text-align: justify;\"><a class=\"mbutton button-with-icon button-text-white button-align-center mediumbutton medium_greybutton button_grey\" href=\"contact\"_self><span>Commander une r\u00e9alisation\u00a0<\/span><i class=\"button-icon icon-phone\"><\/i><\/a><\/div>\n<div class=\"column2 clearfix\"><p style=\"text-align: justify;\">Film d&#8217;animation 3D dans lequel par exemple on peut se d\u00e9placer (\u00e0 hauteur d&#8217;homme) et suivre en parall\u00e8le sur une mini carte le d\u00e9placement du visiteur.<br \/>\nUne visite immersive int\u00e9rieure en r\u00e9alit\u00e9 virtuelle d&#8217;un des logements qui compose le projet peut \u00eatre propos\u00e9e.<\/p><\/div><div class=\"clear\"><\/div>\n<div class=\"clearfix divider-common divider-thinfade\" style=\"padding-top:50px;padding-bottom:50px;\"><\/div>\n<p>Quelques exemples de r\u00e9alisation:<\/p>\n<div data-carousel-extra='{\"blog_id\":1,\"permalink\":\"https:\\\/\\\/3dms.fr\\\/index.php\\\/prestations\\\/film-immobilier-entreprise\"}' class=\"tiled-gallery type-rectangular\" data-original-width=\"756\"><div class=\"gallery-row\" style=\"width: 751px; height: 208px;\"><div class=\"gallery-group images-1\" style=\"width: 376px; height: 212px;\"><div class=\"tiled-gallery-item tiled-gallery-item-large\"><a href=\"https:\/\/vimeo.com\/142893123\" target=\"_self\"><img data-attachment-id=\"879\" data-orig-file=\"https:\/\/3dms.fr\/wp-content\/uploads\/2015\/11\/vimeo-futuropole.png\" data-orig-size=\"961,539\" data-comments-opened=\"0\" data-image-meta=\"{&quot;aperture&quot;:&quot;0&quot;,&quot;credit&quot;:&quot;&quot;,&quot;camera&quot;:&quot;&quot;,&quot;caption&quot;:&quot;&quot;,&quot;created_timestamp&quot;:&quot;0&quot;,&quot;copyright&quot;:&quot;&quot;,&quot;focal_length&quot;:&quot;0&quot;,&quot;iso&quot;:&quot;0&quot;,&quot;shutter_speed&quot;:&quot;0&quot;,&quot;title&quot;:&quot;&quot;,&quot;orientation&quot;:&quot;0&quot;}\" data-image-title=\"Film d&#8217;animation 3D ext\u00e9rieur de promotion immobili\u00e8re de bureaux\" data-image-description=\"&lt;p&gt;Film d&#8217;animation 3D ext\u00e9rieur de promotion immobili\u00e8re de bureaux&lt;\/p&gt;\n\" data-medium-file=\"https:\/\/3dms.fr\/wp-content\/uploads\/2015\/11\/vimeo-futuropole-300x168.png\" data-large-file=\"https:\/\/3dms.fr\/wp-content\/uploads\/2015\/11\/vimeo-futuropole.png\" src=\"https:\/\/3dms.fr\/wp-content\/uploads\/2015\/11\/vimeo-futuropole-372x208.png\" width=\"372\" height=\"208\" align=\"left\" title=\"Film d&#039;animation 3D ext\u00e9rieur de promotion immobili\u00e8re de bureaux\" \/><\/a><div class=\"tiled-gallery-caption\">Film d&#8217;animation 3D ext\u00e9rieur de promotion immobili\u00e8re de bureaux<\/div><\/div><\/div><div class=\"gallery-group images-1\" style=\"width: 375px; height: 212px;\"><div class=\"tiled-gallery-item tiled-gallery-item-large\"><a href=\"https:\/\/vimeo.com\/142890242\" target=\"_self\"><img data-attachment-id=\"887\" data-orig-file=\"https:\/\/3dms.fr\/wp-content\/uploads\/2015\/11\/vimeo-mobilehome.png\" data-orig-size=\"962,540\" data-comments-opened=\"0\" data-image-meta=\"{&quot;aperture&quot;:&quot;0&quot;,&quot;credit&quot;:&quot;&quot;,&quot;camera&quot;:&quot;&quot;,&quot;caption&quot;:&quot;&quot;,&quot;created_timestamp&quot;:&quot;0&quot;,&quot;copyright&quot;:&quot;&quot;,&quot;focal_length&quot;:&quot;0&quot;,&quot;iso&quot;:&quot;0&quot;,&quot;shutter_speed&quot;:&quot;0&quot;,&quot;title&quot;:&quot;&quot;,&quot;orientation&quot;:&quot;0&quot;}\" data-image-title=\"Film d&#8217;animation 3D institutionnel pour la promotion des terrains am\u00e9nag\u00e9s\" data-image-description=\"&lt;p&gt;Film d&#8217;animation 3D institutionnel pour la promotion des terrains am\u00e9nag\u00e9s avec des habitations de loisirs&lt;\/p&gt;\n\" data-medium-file=\"https:\/\/3dms.fr\/wp-content\/uploads\/2015\/11\/vimeo-mobilehome-300x168.png\" data-large-file=\"https:\/\/3dms.fr\/wp-content\/uploads\/2015\/11\/vimeo-mobilehome.png\" src=\"https:\/\/3dms.fr\/wp-content\/uploads\/2015\/11\/vimeo-mobilehome-371x208.png\" width=\"371\" height=\"208\" align=\"left\" title=\"Film d&#039;animation 3D institutionnel pour la promotion des terrains am\u00e9nag\u00e9s\" \/><\/a><div class=\"tiled-gallery-caption\">Film d&#8217;animation 3D institutionnel pour la promotion des terrains am\u00e9nag\u00e9s avec des habitations de loisirs<\/div><\/div><\/div><\/div><div class=\"gallery-row\" style=\"width: 751px; height: 197px;\"><div class=\"gallery-group images-1\" style=\"width: 354px; height: 201px;\"><div class=\"tiled-gallery-item tiled-gallery-item-large\"><a href=\"https:\/\/vimeo.com\/142890605\" target=\"_self\"><img data-attachment-id=\"875\" data-orig-file=\"https:\/\/3dms.fr\/wp-content\/uploads\/2015\/11\/vimeo-athena.png\" data-orig-size=\"960,540\" data-comments-opened=\"0\" data-image-meta=\"{&quot;aperture&quot;:&quot;0&quot;,&quot;credit&quot;:&quot;&quot;,&quot;camera&quot;:&quot;&quot;,&quot;caption&quot;:&quot;&quot;,&quot;created_timestamp&quot;:&quot;0&quot;,&quot;copyright&quot;:&quot;&quot;,&quot;focal_length&quot;:&quot;0&quot;,&quot;iso&quot;:&quot;0&quot;,&quot;shutter_speed&quot;:&quot;0&quot;,&quot;title&quot;:&quot;&quot;,&quot;orientation&quot;:&quot;0&quot;}\" data-image-title=\"Film de promotion immobili\u00e8re d&#8217;immobilier d&#8217;entreprises\" data-image-description=\"\" data-medium-file=\"https:\/\/3dms.fr\/wp-content\/uploads\/2015\/11\/vimeo-athena-300x169.png\" data-large-file=\"https:\/\/3dms.fr\/wp-content\/uploads\/2015\/11\/vimeo-athena.png\" src=\"https:\/\/3dms.fr\/wp-content\/uploads\/2015\/11\/vimeo-athena-350x197.png\" width=\"350\" height=\"197\" align=\"left\" title=\"Film de promotion immobili\u00e8re d&#039;immobilier d&#039;entreprises\" \/><\/a><div class=\"tiled-gallery-caption\">Exemple film promotion immobilier d&#8217;entreprise avec des insertions a\u00e9riennes<\/div><\/div><\/div><div class=\"gallery-group images-1\" style=\"width: 397px; height: 201px;\"><div class=\"tiled-gallery-item tiled-gallery-item-large\"><a href=\"https:\/\/vimeo.com\/145853867\" target=\"_self\"><img data-attachment-id=\"1247\" data-orig-file=\"https:\/\/3dms.fr\/wp-content\/uploads\/2015\/11\/vimeo_chesse_bressuire.png\" data-orig-size=\"960,480\" data-comments-opened=\"0\" data-image-meta=\"{&quot;aperture&quot;:&quot;0&quot;,&quot;credit&quot;:&quot;&quot;,&quot;camera&quot;:&quot;&quot;,&quot;caption&quot;:&quot;&quot;,&quot;created_timestamp&quot;:&quot;0&quot;,&quot;copyright&quot;:&quot;&quot;,&quot;focal_length&quot;:&quot;0&quot;,&quot;iso&quot;:&quot;0&quot;,&quot;shutter_speed&quot;:&quot;0&quot;,&quot;title&quot;:&quot;&quot;,&quot;orientation&quot;:&quot;0&quot;}\" data-image-title=\"Exemple de film 3D pour la pr\u00e9sentation de b\u00e2timents d&#8217;une zone commerciale\" data-image-description=\"&lt;p&gt;Exemple de film d&#8217;animation 3D pour une zone commerciale&lt;\/p&gt;\n\" data-medium-file=\"https:\/\/3dms.fr\/wp-content\/uploads\/2015\/11\/vimeo_chesse_bressuire-300x150.png\" data-large-file=\"https:\/\/3dms.fr\/wp-content\/uploads\/2015\/11\/vimeo_chesse_bressuire.png\" src=\"https:\/\/3dms.fr\/wp-content\/uploads\/2015\/11\/vimeo_chesse_bressuire-393x197.png\" width=\"393\" height=\"197\" align=\"left\" title=\"Exemple de film 3D pour la pr\u00e9sentation de b\u00e2timents d&#039;une zone commerciale\" \/><\/a><div class=\"tiled-gallery-caption\">Exemple de film d&#8217;animation 3D pour une zone commerciale<\/div><\/div><\/div><\/div><\/div>\n","protected":false},"excerpt":{"rendered":"<p>Film d&#8217;animation 3D de visite d&#8217;immobilier d&#8217;entreprise Quelques exemples de r\u00e9alisation:<\/p>\n","protected":false},"author":1,"featured_media":0,"parent":92,"menu_order":0,"comment_status":"closed","ping_status":"closed","template":"","meta":[],"aioseo_notices":[],"_links":{"self":[{"href":"https:\/\/3dms.fr\/index.php\/wp-json\/wp\/v2\/pages\/380"}],"collection":[{"href":"https:\/\/3dms.fr\/index.php\/wp-json\/wp\/v2\/pages"}],"about":[{"href":"https:\/\/3dms.fr\/index.php\/wp-json\/wp\/v2\/types\/page"}],"author":[{"embeddable":true,"href":"https:\/\/3dms.fr\/index.php\/wp-json\/wp\/v2\/users\/1"}],"replies":[{"embeddable":true,"href":"https:\/\/3dms.fr\/index.php\/wp-json\/wp\/v2\/comments?post=380"}],"version-history":[{"count":8,"href":"https:\/\/3dms.fr\/index.php\/wp-json\/wp\/v2\/pages\/380\/revisions"}],"predecessor-version":[{"id":1301,"href":"https:\/\/3dms.fr\/index.php\/wp-json\/wp\/v2\/pages\/380\/revisions\/1301"}],"up":[{"embeddable":true,"href":"https:\/\/3dms.fr\/index.php\/wp-json\/wp\/v2\/pages\/92"}],"wp:attachment":[{"href":"https:\/\/3dms.fr\/index.php\/wp-json\/wp\/v2\/media?parent=380"}],"curies":[{"name":"wp","href":"https:\/\/api.w.org\/{rel}","templated":true}]}}