{"id":359,"date":"2015-10-20T09:20:40","date_gmt":"2015-10-20T07:20:40","guid":{"rendered":"http:\/\/3dms.fr\/?page_id=359"},"modified":"2015-11-17T12:54:22","modified_gmt":"2015-11-17T10:54:22","slug":"film-maisons-individuelles","status":"publish","type":"page","link":"https:\/\/3dms.fr\/index.php\/prestations\/film-maisons-individuelles","title":{"rendered":"Film d&#8217;animation maisons individuelles"},"content":{"rendered":"<p>https:\/\/vimeo.com\/142890112<\/p>\n<div class=\"clearfix divider-common divider-thinfade\" style=\"padding-top:50px;padding-bottom:50px;\"><\/div>\n<h2 style=\"text-align: center;\">Visite de projet de maisons individuelles pour la promotion immobili\u00e8re<\/h2>\n<div class=\"column2 column_space\"><p style=\"text-align: justify;\">Dans le cadre de la commercialisation de projet immobilier vous pouvez \u00eatre amen\u00e9 \u00e0 communiquer sur votre prochaine r\u00e9alisation, aid\u00e9 par film d&#8217;animation 3D.<\/p>\n<p style=\"text-align: justify;\"><a class=\"mbutton button-with-icon button-text-white button-align-center mediumbutton medium_greybutton button_grey\" href=\"contact\"_self><span>Commander une r\u00e9alisation\u00a0<\/span><i class=\"button-icon icon-phone\"><\/i><\/a><\/div>\n<div class=\"column2 clearfix\"><p style=\"text-align: justify;\">Film d&#8217;animation 3D dans lequel par exemple on peut se d\u00e9placer (\u00e0 hauteur d&#8217;homme) et suivre en parall\u00e8le sur une mini carte le d\u00e9placement du visiteur.<br \/>\nUne visite immersive int\u00e9rieure en r\u00e9alit\u00e9 virtuelle d&#8217;un des logements qui compose le projet peut \u00eatre propos\u00e9e.<\/p><\/div><div class=\"clear\"><\/div>\n<div class=\"clearfix divider-common divider-thinfade\" style=\"padding-top:50px;padding-bottom:50px;\"><\/div>\n<p>Quelques exemples de r\u00e9alisation:<\/p>\n<p>&nbsp;<\/p>\n","protected":false},"excerpt":{"rendered":"<p>https:\/\/vimeo.com\/142890112 Visite de projet de maisons individuelles pour la promotion immobili\u00e8re Quelques exemples de r\u00e9alisation: &nbsp;<\/p>\n","protected":false},"author":1,"featured_media":0,"parent":92,"menu_order":0,"comment_status":"closed","ping_status":"closed","template":"","meta":[],"aioseo_notices":[],"_links":{"self":[{"href":"https:\/\/3dms.fr\/index.php\/wp-json\/wp\/v2\/pages\/359"}],"collection":[{"href":"https:\/\/3dms.fr\/index.php\/wp-json\/wp\/v2\/pages"}],"about":[{"href":"https:\/\/3dms.fr\/index.php\/wp-json\/wp\/v2\/types\/page"}],"author":[{"embeddable":true,"href":"https:\/\/3dms.fr\/index.php\/wp-json\/wp\/v2\/users\/1"}],"replies":[{"embeddable":true,"href":"https:\/\/3dms.fr\/index.php\/wp-json\/wp\/v2\/comments?post=359"}],"version-history":[{"count":13,"href":"https:\/\/3dms.fr\/index.php\/wp-json\/wp\/v2\/pages\/359\/revisions"}],"predecessor-version":[{"id":1302,"href":"https:\/\/3dms.fr\/index.php\/wp-json\/wp\/v2\/pages\/359\/revisions\/1302"}],"up":[{"embeddable":true,"href":"https:\/\/3dms.fr\/index.php\/wp-json\/wp\/v2\/pages\/92"}],"wp:attachment":[{"href":"https:\/\/3dms.fr\/index.php\/wp-json\/wp\/v2\/media?parent=359"}],"curies":[{"name":"wp","href":"https:\/\/api.w.org\/{rel}","templated":true}]}}