{"id":312,"date":"2015-10-19T15:18:28","date_gmt":"2015-10-19T13:18:28","guid":{"rendered":"http:\/\/3dms.fr\/?page_id=312"},"modified":"2015-11-18T16:37:28","modified_gmt":"2015-11-18T14:37:28","slug":"partenaires","status":"publish","type":"page","link":"https:\/\/3dms.fr\/index.php\/partenaires","title":{"rendered":"Les partenaires de 3dms"},"content":{"rendered":"<h1 style=\"text-align: center;\">Ils font confiance \u00e0 3dms:<\/h1>\n<p><img loading=\"lazy\" class=\"aligncenter wp-image-1296 size-full\" src=\"http:\/\/3dms.fr\/wp-content\/uploads\/2015\/10\/partenaires.jpg\" alt=\"\" width=\"850\" height=\"208\" srcset=\"https:\/\/3dms.fr\/wp-content\/uploads\/2015\/10\/partenaires.jpg 850w, https:\/\/3dms.fr\/wp-content\/uploads\/2015\/10\/partenaires-300x73.jpg 300w, https:\/\/3dms.fr\/wp-content\/uploads\/2015\/10\/partenaires-50x12.jpg 50w\" sizes=\"(max-width: 850px) 100vw, 850px\" \/><\/p>\n<p>&nbsp;<\/p>\n\n<div class=\"testimonials-wrap\">\n<div class=\"testimonials-roll flexslider-container-page flexislider-testimonials clearfix\">\n\t<div id=\"flex-testimonails\" class=\"flexslider testimonial-id-536\">\n\t<ul class=\"slides clearfix\">\n\n<li><div class=\"testimonial-say\"><div class=\"testimonial-inner\"><span class=\"client-say\">Nous avons choisi 3DMS pour son expertise et l'originalit\u00e9 de ses propositions. L'\u00e9quipe 3DMS est tr\u00e8s professionnelle, r\u00e9active et chaleureuse.<\/span><div class=\"client-details\"><img class=\"client-image\" src=\"http:\/\/3dms.fr\/wp-content\/uploads\/2015\/11\/louisiane.png\" alt=\"testimonial-image\" \/><\/div><div class=\"client-info\"><span class=\"client-position\">Habitat<\/span><span class=\"client-name\">Sylvie B.<\/span><span class=\"client-company\">Louisiane<\/span><\/div><\/div><\/div><\/li>\n<li><div class=\"testimonial-say\"><div class=\"testimonial-inner\"><span class=\"client-say\">La maquette interactive est un tr\u00e8s bon outil lors des rendez vous prospects, afin qu\u2019ils puissent se rendre compte de ce que donnera le programme dans son ensemble, et se rep\u00e9rer dans l\u2019espace. Lorsque nous pr\u00e9sentons les plans des logements aux prospects, nous pouvons chaque fois leur montrer aussit\u00f4t \u00e0 quel endroit se situe l\u2019appartement, cela permet de se projeter beaucoup plus facilement dans leur projet d\u2019acquisition, ce qui n\u2019est pas toujours \u00e9vident pour des personnes qui ne sont pas des professionnels de la vente sur plan. Cela contribue \u00e0 \u00ab faire r\u00eaver \u00bb notre futur client et appuie nos propos de mani\u00e8re plus concr\u00e8te<\/span><div class=\"client-details\"><img class=\"client-image\" src=\"http:\/\/3dms.fr\/wp-content\/uploads\/2015\/09\/logo-sajac.png\" alt=\"testimonial-image\" \/><\/div><div class=\"client-info\"><span class=\"client-position\">Promoteur<\/span><span class=\"client-name\">Delphine L.<\/span><span class=\"client-company\">Sajac Immobilier<\/span><\/div><\/div><\/div><\/li>\n<li><div class=\"testimonial-say\"><div class=\"testimonial-inner\"><span class=\"client-say\">Notre activit\u00e9 de promoteur en immobilier d'entreprise g\u00e9n\u00e8re l'\u00e9laboration de programmes vendus sur plan. Le travail demand\u00e9 \u00e0 3DMS est de mettre en valeur ces futurs locaux professionnels afin que nos clients potentiels puissent imaginer sans difficult\u00e9 leur activit\u00e9 dans ce nouveau cadre.<br \/>\nLes mises en valeur et en situation de chaque projet sont r\u00e9alis\u00e9es par des perspectives avec une mise en ambiance et la r\u00e9alisation de montages vid\u00e9o \u00e0 partir des plans ex\u00e9cut\u00e9s par l'architecte.<br \/>\nL'\u00e9quipe tr\u00e8s professionnelle de 3DMS est \u00e0 l'\u00e9coute de nos attentes, cerne bien les besoins en fonction de l'implantation du projet \u00e0 mettre en situation.<br \/>\nLe projet final n'est valid\u00e9 qu'apr\u00e8s de multiples \u00e9changes et propositions. Nos attentes et leurs conseils techniques assurent un r\u00e9sultat qui met en lumi\u00e8re nos futures r\u00e9alisations.<br \/>\n\u00c9coute, analyse et r\u00e9activit\u00e9 s'ajoutent au professionnalisme de l'\u00e9quipe de collaborateurs de 3DMS.<\/span><div class=\"client-details\"><img class=\"client-image\" src=\"http:\/\/3dms.fr\/wp-content\/uploads\/2015\/11\/commespace.png\" alt=\"testimonial-image\" \/><\/div><div class=\"client-info\"><span class=\"client-position\">Habitat<\/span><span class=\"client-name\">Philippe. G.<\/span><span class=\"client-company\">COMMESPACE<\/span><\/div><\/div><\/div><\/li>\n\n\t<\/ul>\n\t<\/div>\n<\/div>\n<\/div>\n<script type=\"text\/javascript\">\n\tjQuery(window).load(function() {\n\t\tjQuery(\".testimonial-id-536\").flexslider({\n\t\t\tanimation: \"fade\",\n\t\t\tslideshow: true,\n\t\t\tpauseOnAction: true,\n\t\t\tpauseOnHover: true,\n\t\t\tsmoothHeight: true,\n\t\t\tcontrolsContainer: \"flexislider-testimonials\"\n\t\t});\n\t});\n<\/script>\n","protected":false},"excerpt":{"rendered":"<p>Ils font confiance \u00e0 3dms: &nbsp;<\/p>\n","protected":false},"author":1,"featured_media":0,"parent":0,"menu_order":0,"comment_status":"closed","ping_status":"closed","template":"","meta":[],"aioseo_notices":[],"_links":{"self":[{"href":"https:\/\/3dms.fr\/index.php\/wp-json\/wp\/v2\/pages\/312"}],"collection":[{"href":"https:\/\/3dms.fr\/index.php\/wp-json\/wp\/v2\/pages"}],"about":[{"href":"https:\/\/3dms.fr\/index.php\/wp-json\/wp\/v2\/types\/page"}],"author":[{"embeddable":true,"href":"https:\/\/3dms.fr\/index.php\/wp-json\/wp\/v2\/users\/1"}],"replies":[{"embeddable":true,"href":"https:\/\/3dms.fr\/index.php\/wp-json\/wp\/v2\/comments?post=312"}],"version-history":[{"count":18,"href":"https:\/\/3dms.fr\/index.php\/wp-json\/wp\/v2\/pages\/312\/revisions"}],"predecessor-version":[{"id":1382,"href":"https:\/\/3dms.fr\/index.php\/wp-json\/wp\/v2\/pages\/312\/revisions\/1382"}],"wp:attachment":[{"href":"https:\/\/3dms.fr\/index.php\/wp-json\/wp\/v2\/media?parent=312"}],"curies":[{"name":"wp","href":"https:\/\/api.w.org\/{rel}","templated":true}]}}