{"id":229,"date":"2015-10-16T16:13:38","date_gmt":"2015-10-16T14:13:38","guid":{"rendered":"http:\/\/3dms.fr\/?page_id=229"},"modified":"2018-05-28T15:44:34","modified_gmt":"2018-05-28T14:44:34","slug":"film-type-spot-publicitaire","status":"publish","type":"page","link":"https:\/\/3dms.fr\/index.php\/prestations\/film-type-spot-publicitaire","title":{"rendered":"Film d&#8217;animation court de type spot publicitaire"},"content":{"rendered":"<p>https:\/\/vimeo.com\/272207764<\/p>\n<p>Film, d\u00e9taillant l&#8217;installation et la mise en place d&#8217;un syst\u00e8me de chasse d&#8217;eau de la marque. Animation 3D d&#8217;\u00e9l\u00e9ments technique. Mouvements de cam\u00e9ras accompagnant les animations des objets 3D.<\/p>\n<div class=\"clearfix divider-common divider-blank\" style=\"padding-top:10px;padding-bottom:10px;\"><\/div>\n<p>https:\/\/vimeo.com\/144494086<\/p>\n<p>Film de promotion utilisant l&#8217;insertion d&#8217;animations 2D dans de la vid\u00e9o.<\/p>\n<div class=\"clearfix divider-common divider-thinfade\" style=\"padding-top:50px;padding-bottom:50px;\"><\/div>\n<h2 style=\"text-align: center;\">Film d&#8217;animation de type publicitaire<\/h2>\n<p style=\"text-align: justify;\">R\u00e9alisation d&#8217;un film dont l&#8217;objectif est de pr\u00e9senter une entreprise (film institutionnel), un produit ou un concept, un \u00e9v\u00e9nement (Carte de v\u0153ux). Le travail sur ce type de film peut consister en un habile montage de visuels 2D ou 3D.<\/p>\n<p>R\u00e9alisation d&#8217;un synopsis et d&#8217;un storyboard<br \/>\nD\u00e9finition du style graphique<br \/>\nDur\u00e9e de l&#8217;animation : 60 secondes environ<\/p>\n<div class=\"clearfix divider-common divider-thinfade\" style=\"padding-top:50px;padding-bottom:50px;\"><\/div>\n<p>Quelques exemples de r\u00e9alisation:<\/p>\n<div data-carousel-extra='{\"blog_id\":1,\"permalink\":\"https:\\\/\\\/3dms.fr\\\/index.php\\\/prestations\\\/film-type-spot-publicitaire\"}' class=\"tiled-gallery type-rectangular\" data-original-width=\"756\"><div class=\"gallery-row\" style=\"width: 751px; height: 215px;\"><div class=\"gallery-group images-1\" style=\"width: 392px; height: 219px;\"><div class=\"tiled-gallery-item tiled-gallery-item-large\"><a href=\"https:\/\/vimeo.com\/145513876\" target=\"_self\"><img data-attachment-id=\"936\" data-orig-file=\"https:\/\/3dms.fr\/wp-content\/uploads\/2015\/11\/vimeo_voeux_elan9_2013_thumb.png\" data-orig-size=\"958,530\" data-comments-opened=\"0\" data-image-meta=\"{&quot;aperture&quot;:&quot;0&quot;,&quot;credit&quot;:&quot;&quot;,&quot;camera&quot;:&quot;&quot;,&quot;caption&quot;:&quot;&quot;,&quot;created_timestamp&quot;:&quot;0&quot;,&quot;copyright&quot;:&quot;&quot;,&quot;focal_length&quot;:&quot;0&quot;,&quot;iso&quot;:&quot;0&quot;,&quot;shutter_speed&quot;:&quot;0&quot;,&quot;title&quot;:&quot;&quot;,&quot;orientation&quot;:&quot;0&quot;}\" data-image-title=\"vimeo voeux\" data-image-description=\"\" data-medium-file=\"https:\/\/3dms.fr\/wp-content\/uploads\/2015\/11\/vimeo_voeux_elan9_2013_thumb-300x166.png\" data-large-file=\"https:\/\/3dms.fr\/wp-content\/uploads\/2015\/11\/vimeo_voeux_elan9_2013_thumb.png\" src=\"https:\/\/3dms.fr\/wp-content\/uploads\/2015\/11\/vimeo_voeux_elan9_2013_thumb-388x215.png\" width=\"388\" height=\"215\" align=\"left\" title=\"vimeo voeux\" \/><\/a><div class=\"tiled-gallery-caption\">carte de voeux anim\u00e9e<\/div><\/div><\/div><div class=\"gallery-group images-1\" style=\"width: 359px; height: 219px;\"><div class=\"tiled-gallery-item tiled-gallery-item-large\"><a href=\"https:\/\/vimeo.com\/145507647\" target=\"_self\"><img data-attachment-id=\"912\" data-orig-file=\"https:\/\/3dms.fr\/wp-content\/uploads\/2015\/11\/vimeo_buddies-Copy.png\" data-orig-size=\"961,581\" data-comments-opened=\"0\" data-image-meta=\"{&quot;aperture&quot;:&quot;0&quot;,&quot;credit&quot;:&quot;&quot;,&quot;camera&quot;:&quot;&quot;,&quot;caption&quot;:&quot;&quot;,&quot;created_timestamp&quot;:&quot;0&quot;,&quot;copyright&quot;:&quot;&quot;,&quot;focal_length&quot;:&quot;0&quot;,&quot;iso&quot;:&quot;0&quot;,&quot;shutter_speed&quot;:&quot;0&quot;,&quot;title&quot;:&quot;&quot;,&quot;orientation&quot;:&quot;0&quot;}\" data-image-title=\"vimeo_buddies\" data-image-description=\"\" data-medium-file=\"https:\/\/3dms.fr\/wp-content\/uploads\/2015\/11\/vimeo_buddies-Copy-300x181.png\" data-large-file=\"https:\/\/3dms.fr\/wp-content\/uploads\/2015\/11\/vimeo_buddies-Copy.png\" src=\"https:\/\/3dms.fr\/wp-content\/uploads\/2015\/11\/vimeo_buddies-Copy-355x215.png\" width=\"355\" height=\"215\" align=\"left\" title=\"vimeo_buddies\" \/><\/a><div class=\"tiled-gallery-caption\">Animation Marque de compote<\/div><\/div><\/div><\/div><div class=\"gallery-row\" style=\"width: 751px; height: 321px;\"><div class=\"gallery-group images-2\" style=\"width: 320px; height: 325px;\"><div class=\"tiled-gallery-item tiled-gallery-item-large\"><a href=\"https:\/\/vimeo.com\/145505291\" target=\"_self\"><img data-attachment-id=\"951\" data-orig-file=\"https:\/\/3dms.fr\/wp-content\/uploads\/2015\/10\/video-dune-carte-de-voeux-animee.png\" data-orig-size=\"960,482\" data-comments-opened=\"0\" data-image-meta=\"{&quot;aperture&quot;:&quot;0&quot;,&quot;credit&quot;:&quot;&quot;,&quot;camera&quot;:&quot;&quot;,&quot;caption&quot;:&quot;&quot;,&quot;created_timestamp&quot;:&quot;0&quot;,&quot;copyright&quot;:&quot;&quot;,&quot;focal_length&quot;:&quot;0&quot;,&quot;iso&quot;:&quot;0&quot;,&quot;shutter_speed&quot;:&quot;0&quot;,&quot;title&quot;:&quot;&quot;,&quot;orientation&quot;:&quot;0&quot;}\" data-image-title=\"Vid\u00e9o d&#8217;une carte de v\u0153ux anim\u00e9e\" data-image-description=\"&lt;p&gt;Vid\u00e9o d&#8217;une carte de v\u0153ux anim\u00e9e&lt;\/p&gt;\n\" data-medium-file=\"https:\/\/3dms.fr\/wp-content\/uploads\/2015\/10\/video-dune-carte-de-voeux-animee-300x151.png\" data-large-file=\"https:\/\/3dms.fr\/wp-content\/uploads\/2015\/10\/video-dune-carte-de-voeux-animee.png\" src=\"https:\/\/3dms.fr\/wp-content\/uploads\/2015\/10\/video-dune-carte-de-voeux-animee-316x159.png\" width=\"316\" height=\"159\" align=\"left\" title=\"Vid\u00e9o d&#039;une carte de v\u0153ux anim\u00e9e\" \/><\/a><div class=\"tiled-gallery-caption\">Carte de voeux anim\u00e9e<\/div><\/div><div class=\"tiled-gallery-item tiled-gallery-item-large\"><a href=\"https:\/\/vimeo.com\/145498728\" target=\"_self\"><img data-attachment-id=\"1028\" data-orig-file=\"https:\/\/3dms.fr\/wp-content\/uploads\/2015\/10\/film-technique.png\" data-orig-size=\"961,481\" data-comments-opened=\"0\" data-image-meta=\"{&quot;aperture&quot;:&quot;0&quot;,&quot;credit&quot;:&quot;&quot;,&quot;camera&quot;:&quot;&quot;,&quot;caption&quot;:&quot;&quot;,&quot;created_timestamp&quot;:&quot;0&quot;,&quot;copyright&quot;:&quot;&quot;,&quot;focal_length&quot;:&quot;0&quot;,&quot;iso&quot;:&quot;0&quot;,&quot;shutter_speed&quot;:&quot;0&quot;,&quot;title&quot;:&quot;&quot;,&quot;orientation&quot;:&quot;0&quot;}\" data-image-title=\"Film technique\" data-image-description=\"\" data-medium-file=\"https:\/\/3dms.fr\/wp-content\/uploads\/2015\/10\/film-technique-300x150.png\" data-large-file=\"https:\/\/3dms.fr\/wp-content\/uploads\/2015\/10\/film-technique.png\" src=\"https:\/\/3dms.fr\/wp-content\/uploads\/2015\/10\/film-technique-316x158.png\" width=\"316\" height=\"158\" align=\"left\" title=\"Film technique\" \/><\/a><div class=\"tiled-gallery-caption\">Film technique<\/div><\/div><\/div><div class=\"gallery-group images-1\" style=\"width: 431px; height: 325px;\"><div class=\"tiled-gallery-item tiled-gallery-item-large\"><a href=\"https:\/\/vimeo.com\/142643748\" target=\"_self\"><img data-attachment-id=\"1030\" data-orig-file=\"https:\/\/3dms.fr\/wp-content\/uploads\/2015\/10\/totem-publicitaire-anime.png\" data-orig-size=\"962,722\" data-comments-opened=\"0\" data-image-meta=\"{&quot;aperture&quot;:&quot;0&quot;,&quot;credit&quot;:&quot;&quot;,&quot;camera&quot;:&quot;&quot;,&quot;caption&quot;:&quot;&quot;,&quot;created_timestamp&quot;:&quot;0&quot;,&quot;copyright&quot;:&quot;&quot;,&quot;focal_length&quot;:&quot;0&quot;,&quot;iso&quot;:&quot;0&quot;,&quot;shutter_speed&quot;:&quot;0&quot;,&quot;title&quot;:&quot;&quot;,&quot;orientation&quot;:&quot;0&quot;}\" data-image-title=\"Totem publicitaire anim\u00e9\" data-image-description=\"\" data-medium-file=\"https:\/\/3dms.fr\/wp-content\/uploads\/2015\/10\/totem-publicitaire-anime-300x225.png\" data-large-file=\"https:\/\/3dms.fr\/wp-content\/uploads\/2015\/10\/totem-publicitaire-anime.png\" src=\"https:\/\/3dms.fr\/wp-content\/uploads\/2015\/10\/totem-publicitaire-anime-427x321.png\" width=\"427\" height=\"321\" align=\"left\" title=\"Totem publicitaire anim\u00e9\" \/><\/a><div class=\"tiled-gallery-caption\">Totem publicitaire anim\u00e9<\/div><\/div><\/div><\/div><div class=\"gallery-row\" style=\"width: 751px; height: 264px;\"><div class=\"gallery-group images-1\" style=\"width: 480px; height: 268px;\"><div class=\"tiled-gallery-item tiled-gallery-item-large\"><a href=\"https:\/\/vimeo.com\/145840019\" target=\"_self\"><img data-attachment-id=\"1214\" data-orig-file=\"https:\/\/3dms.fr\/wp-content\/uploads\/2015\/11\/vimeo_watcheezy.png\" data-orig-size=\"957,531\" data-comments-opened=\"0\" data-image-meta=\"{&quot;aperture&quot;:&quot;0&quot;,&quot;credit&quot;:&quot;&quot;,&quot;camera&quot;:&quot;&quot;,&quot;caption&quot;:&quot;&quot;,&quot;created_timestamp&quot;:&quot;0&quot;,&quot;copyright&quot;:&quot;&quot;,&quot;focal_length&quot;:&quot;0&quot;,&quot;iso&quot;:&quot;0&quot;,&quot;shutter_speed&quot;:&quot;0&quot;,&quot;title&quot;:&quot;&quot;,&quot;orientation&quot;:&quot;0&quot;}\" data-image-title=\"Exemple de film d&#8217;animation avec personnages cartoon\" data-image-description=\"&lt;p&gt;Exemple de film d&#8217;animation r\u00e9alis\u00e9 pour communiquer sur un service de click to Tchat pr\u00e9dictif&lt;\/p&gt;\n\" data-medium-file=\"https:\/\/3dms.fr\/wp-content\/uploads\/2015\/11\/vimeo_watcheezy-300x166.png\" data-large-file=\"https:\/\/3dms.fr\/wp-content\/uploads\/2015\/11\/vimeo_watcheezy.png\" src=\"https:\/\/3dms.fr\/wp-content\/uploads\/2015\/11\/vimeo_watcheezy-476x264.png\" width=\"476\" height=\"264\" align=\"left\" title=\"Exemple de film d&#039;animation avec personnages cartoon\" \/><\/a><div class=\"tiled-gallery-caption\">Exemple de film d&#8217;animation avec personnages cartoon<\/div><\/div><\/div><div class=\"gallery-group images-1\" style=\"width: 271px; height: 268px;\"><div class=\"tiled-gallery-item tiled-gallery-item-large\"><a href=\"https:\/\/vimeo.com\/145520298\" target=\"_self\"><img data-attachment-id=\"1075\" data-orig-file=\"https:\/\/3dms.fr\/wp-content\/uploads\/2015\/10\/vimeo_cer_film_publicite.png\" data-orig-size=\"631,624\" data-comments-opened=\"0\" data-image-meta=\"{&quot;aperture&quot;:&quot;0&quot;,&quot;credit&quot;:&quot;&quot;,&quot;camera&quot;:&quot;&quot;,&quot;caption&quot;:&quot;&quot;,&quot;created_timestamp&quot;:&quot;0&quot;,&quot;copyright&quot;:&quot;&quot;,&quot;focal_length&quot;:&quot;0&quot;,&quot;iso&quot;:&quot;0&quot;,&quot;shutter_speed&quot;:&quot;0&quot;,&quot;title&quot;:&quot;&quot;,&quot;orientation&quot;:&quot;0&quot;}\" data-image-title=\"vimeo_CER_film_publicite\" data-image-description=\"\" data-medium-file=\"https:\/\/3dms.fr\/wp-content\/uploads\/2015\/10\/vimeo_cer_film_publicite-300x297.png\" data-large-file=\"https:\/\/3dms.fr\/wp-content\/uploads\/2015\/10\/vimeo_cer_film_publicite.png\" src=\"https:\/\/3dms.fr\/wp-content\/uploads\/2015\/10\/vimeo_cer_film_publicite-267x264.png\" width=\"267\" height=\"264\" align=\"left\" title=\"vimeo_CER_film_publicite\" \/><\/a><div class=\"tiled-gallery-caption\">Carte de voeux anim\u00e9e<\/div><\/div><\/div><\/div><\/div>\n","protected":false},"excerpt":{"rendered":"<p>https:\/\/vimeo.com\/272207764 Film, d\u00e9taillant l&#8217;installation et la mise en place d&#8217;un syst\u00e8me de chasse d&#8217;eau de la marque. Animation 3D d&#8217;\u00e9l\u00e9ments technique. Mouvements de cam\u00e9ras accompagnant les animations des objets 3D. https:\/\/vimeo.com\/144494086 Film de promotion utilisant l&#8217;insertion d&#8217;animations 2D dans de la vid\u00e9o. Film d&#8217;animation de type publicitaire R\u00e9alisation d&#8217;un film dont l&#8217;objectif est de pr\u00e9senter une entreprise (film institutionnel), un produit ou un concept, un \u00e9v\u00e9nement (Carte de v\u0153ux). Le travail sur ce type de film peut consister en un [&hellip;]<\/p>\n","protected":false},"author":1,"featured_media":438,"parent":92,"menu_order":0,"comment_status":"closed","ping_status":"closed","template":"","meta":[],"aioseo_notices":[],"_links":{"self":[{"href":"https:\/\/3dms.fr\/index.php\/wp-json\/wp\/v2\/pages\/229"}],"collection":[{"href":"https:\/\/3dms.fr\/index.php\/wp-json\/wp\/v2\/pages"}],"about":[{"href":"https:\/\/3dms.fr\/index.php\/wp-json\/wp\/v2\/types\/page"}],"author":[{"embeddable":true,"href":"https:\/\/3dms.fr\/index.php\/wp-json\/wp\/v2\/users\/1"}],"replies":[{"embeddable":true,"href":"https:\/\/3dms.fr\/index.php\/wp-json\/wp\/v2\/comments?post=229"}],"version-history":[{"count":21,"href":"https:\/\/3dms.fr\/index.php\/wp-json\/wp\/v2\/pages\/229\/revisions"}],"predecessor-version":[{"id":1854,"href":"https:\/\/3dms.fr\/index.php\/wp-json\/wp\/v2\/pages\/229\/revisions\/1854"}],"up":[{"embeddable":true,"href":"https:\/\/3dms.fr\/index.php\/wp-json\/wp\/v2\/pages\/92"}],"wp:featuredmedia":[{"embeddable":true,"href":"https:\/\/3dms.fr\/index.php\/wp-json\/wp\/v2\/media\/438"}],"wp:attachment":[{"href":"https:\/\/3dms.fr\/index.php\/wp-json\/wp\/v2\/media?parent=229"}],"curies":[{"name":"wp","href":"https:\/\/api.w.org\/{rel}","templated":true}]}}