{"id":223,"date":"2015-10-16T14:39:21","date_gmt":"2015-10-16T12:39:21","guid":{"rendered":"http:\/\/3dms.fr\/?page_id=223"},"modified":"2015-11-17T12:56:05","modified_gmt":"2015-11-17T10:56:05","slug":"film-danimation-de-visite-interieure-de-programme-immobilier","status":"publish","type":"page","link":"https:\/\/3dms.fr\/index.php\/prestations\/film-danimation-de-visite-interieure-de-programme-immobilier","title":{"rendered":"Film d&#8217;animation de visite int\u00e9rieure"},"content":{"rendered":"<p><iframe loading=\"lazy\" title=\"Exemple de film de visite 3D d&#039;appartement d&#039;un projet immobilier\" src=\"https:\/\/player.vimeo.com\/video\/145866379?h=bb20e1ec89&amp;dnt=1&amp;app_id=122963?theme=none&amp;wmode=opaque\" width=\"756\" height=\"425\" frameborder=\"0\" allow=\"autoplay; fullscreen; picture-in-picture\" allowfullscreen><\/iframe><\/p>\n<div class=\"clearfix divider-common divider-thinfade\" style=\"padding-top:50px;padding-bottom:50px;\"><\/div>\n<h2 style=\"text-align: center;\">Film d&#8217;animation int\u00e9rieure<\/h2>\n<p>R\u00e9alisation d&#8217;un film 3D int\u00e9rieur d&#8217;un appartement, d&#8217;une maison, d&#8217;un b\u00e2timent,\u00a0dont l&#8217;objectif est de pr\u00e9senter l&#8217;ensemble des pi\u00e8ces de l&#8217;int\u00e9rieur concern\u00e9 (salon, cuisine, salle de bain et chambre).<\/p>\n<div class=\"service-column service-column-1 service-boxes-icon-with-title alignicon-top alignicon-top-horizontal serviceboxes-horizontal clearfix\">\n<div class=\"service-item service-item-space\"><div class=\"service-icon\"><i style=\"color:#a0a0a0;border-color:#a0a0a0;\" class=\"is-animated fontawesome in-circle icon-4x icon-info-sign\"><\/i><\/div><div class=\"service-content\"><h4>D\u00e9tail de la prestation<\/h4><div class=\"service-details\">\nAnimation de votre logo et de votre op\u00e9ration (en option).<br \/>\nZoom\/mise en situation de votre projet (en option).<br \/>\nTravail r\u00e9alis\u00e9 \u00e0 partir des plans dwg fournis par le client et du descriptif technique.<br \/>\nProposition d&#8217;un parcours.<br \/>\nMise en lumi\u00e8re &#8211; Mise en texture &#8211;\u00a0Mise en ambiance.<br \/>\nCorrection et ajustement &#8211; Validation du client.<br \/>\nLivraison de votre film en HD (possibilit\u00e9 de cr\u00e9er un DVD pour votre espace de vente)\u00a0<\/div><\/div><\/div>\n<\/div>\n<div class=\"clearfix divider-common divider-thinfade\" style=\"padding-top:50px;padding-bottom:50px;\"><\/div>\n<p>Quelques exemples de r\u00e9alisation :<\/p>\n<div data-carousel-extra='{\"blog_id\":1,\"permalink\":\"https:\\\/\\\/3dms.fr\\\/index.php\\\/prestations\\\/film-danimation-de-visite-interieure-de-programme-immobilier\"}' class=\"tiled-gallery type-rectangular\" data-original-width=\"756\"><div class=\"gallery-row\" style=\"width: 751px; height: 209px;\"><div class=\"gallery-group images-1\" style=\"width: 376px; height: 213px;\"><div class=\"tiled-gallery-item tiled-gallery-item-large\"><a href=\"https:\/\/vimeo.com\/142850064\" target=\"_self\"><img data-attachment-id=\"404\" data-orig-file=\"https:\/\/3dms.fr\/wp-content\/uploads\/2015\/10\/film_interieur.jpg\" data-orig-size=\"956,537\" data-comments-opened=\"1\" data-image-meta=\"{&quot;aperture&quot;:&quot;0&quot;,&quot;credit&quot;:&quot;Arnaud-WorkstationI7&quot;,&quot;camera&quot;:&quot;&quot;,&quot;caption&quot;:&quot;&quot;,&quot;created_timestamp&quot;:&quot;1445253466&quot;,&quot;copyright&quot;:&quot;&quot;,&quot;focal_length&quot;:&quot;0&quot;,&quot;iso&quot;:&quot;0&quot;,&quot;shutter_speed&quot;:&quot;0&quot;,&quot;title&quot;:&quot;&quot;,&quot;orientation&quot;:&quot;0&quot;}\" data-image-title=\"film_interieur\" data-image-description=\"\" data-medium-file=\"https:\/\/3dms.fr\/wp-content\/uploads\/2015\/10\/film_interieur-300x169.jpg\" data-large-file=\"https:\/\/3dms.fr\/wp-content\/uploads\/2015\/10\/film_interieur.jpg\" src=\"https:\/\/3dms.fr\/wp-content\/uploads\/2015\/10\/film_interieur-372x209.jpg\" width=\"372\" height=\"209\" align=\"left\" title=\"film_interieur\" \/><\/a><div class=\"tiled-gallery-caption\">Exemple de film int\u00e9rieur<\/div><\/div><\/div><div class=\"gallery-group images-1\" style=\"width: 375px; height: 213px;\"><div class=\"tiled-gallery-item tiled-gallery-item-large\"><a href=\"https:\/\/vimeo.com\/142850062\" target=\"_self\"><img data-attachment-id=\"881\" data-orig-file=\"https:\/\/3dms.fr\/wp-content\/uploads\/2015\/11\/vimeo-kremlin-t3.png\" data-orig-size=\"959,541\" data-comments-opened=\"0\" data-image-meta=\"{&quot;aperture&quot;:&quot;0&quot;,&quot;credit&quot;:&quot;&quot;,&quot;camera&quot;:&quot;&quot;,&quot;caption&quot;:&quot;&quot;,&quot;created_timestamp&quot;:&quot;0&quot;,&quot;copyright&quot;:&quot;&quot;,&quot;focal_length&quot;:&quot;0&quot;,&quot;iso&quot;:&quot;0&quot;,&quot;shutter_speed&quot;:&quot;0&quot;,&quot;title&quot;:&quot;&quot;,&quot;orientation&quot;:&quot;0&quot;}\" data-image-title=\"Film 3D d&#8217;animation d&#8217;int\u00e9rieur d&#8217;appartement de promotion Immobili\u00e8re\" data-image-description=\"&lt;p&gt;Film 3D d&#8217;animation d&#8217;int\u00e9rieur d&#8217;appartement de projet promotion Immobili\u00e8re&lt;\/p&gt;\n\" data-medium-file=\"https:\/\/3dms.fr\/wp-content\/uploads\/2015\/11\/vimeo-kremlin-t3-300x169.png\" data-large-file=\"https:\/\/3dms.fr\/wp-content\/uploads\/2015\/11\/vimeo-kremlin-t3.png\" src=\"https:\/\/3dms.fr\/wp-content\/uploads\/2015\/11\/vimeo-kremlin-t3-371x209.png\" width=\"371\" height=\"209\" align=\"left\" title=\"Film 3D d&#039;animation d&#039;int\u00e9rieur d&#039;appartement de promotion Immobili\u00e8re\" \/><\/a><div class=\"tiled-gallery-caption\">Film 3D d&#8217;animation d&#8217;int\u00e9rieur d&#8217;appartement de projet promotion Immobili\u00e8re<\/div><\/div><\/div><\/div><div class=\"gallery-row\" style=\"width: 751px; height: 210px;\"><div class=\"gallery-group images-1\" style=\"width: 376px; height: 214px;\"><div class=\"tiled-gallery-item tiled-gallery-item-large\"><a href=\"https:\/\/vimeo.com\/142892171\" target=\"_self\"><img data-attachment-id=\"874\" data-orig-file=\"https:\/\/3dms.fr\/wp-content\/uploads\/2015\/11\/vimeo-arcy.png\" data-orig-size=\"960,541\" data-comments-opened=\"0\" data-image-meta=\"{&quot;aperture&quot;:&quot;0&quot;,&quot;credit&quot;:&quot;&quot;,&quot;camera&quot;:&quot;&quot;,&quot;caption&quot;:&quot;&quot;,&quot;created_timestamp&quot;:&quot;0&quot;,&quot;copyright&quot;:&quot;&quot;,&quot;focal_length&quot;:&quot;0&quot;,&quot;iso&quot;:&quot;0&quot;,&quot;shutter_speed&quot;:&quot;0&quot;,&quot;title&quot;:&quot;&quot;,&quot;orientation&quot;:&quot;0&quot;}\" data-image-title=\"Film d&#8217;animation 3D de promotion immobili\u00e8re d&#8217;int\u00e9rieurs\" data-image-description=\"&lt;p&gt;Film d&#8217;animation 3D de promotion immobili\u00e8re d&#8217;int\u00e9rieurs&lt;\/p&gt;\n\" data-medium-file=\"https:\/\/3dms.fr\/wp-content\/uploads\/2015\/11\/vimeo-arcy-300x169.png\" data-large-file=\"https:\/\/3dms.fr\/wp-content\/uploads\/2015\/11\/vimeo-arcy.png\" src=\"https:\/\/3dms.fr\/wp-content\/uploads\/2015\/11\/vimeo-arcy-372x210.png\" width=\"372\" height=\"210\" align=\"left\" title=\"Film d&#039;animation 3D de promotion immobili\u00e8re d&#039;int\u00e9rieurs\" \/><\/a><div class=\"tiled-gallery-caption\">Film d&#8217;animation 3D de promotion immobili\u00e8re d&#8217;int\u00e9rieurs<\/div><\/div><\/div><div class=\"gallery-group images-1\" style=\"width: 375px; height: 214px;\"><div class=\"tiled-gallery-item tiled-gallery-item-large\"><a href=\"https:\/\/vimeo.com\/142892289\" target=\"_self\"><img data-attachment-id=\"873\" data-orig-file=\"https:\/\/3dms.fr\/wp-content\/uploads\/2015\/11\/vimeo_bessancourt.png\" data-orig-size=\"962,543\" data-comments-opened=\"0\" data-image-meta=\"{&quot;aperture&quot;:&quot;0&quot;,&quot;credit&quot;:&quot;&quot;,&quot;camera&quot;:&quot;&quot;,&quot;caption&quot;:&quot;&quot;,&quot;created_timestamp&quot;:&quot;0&quot;,&quot;copyright&quot;:&quot;&quot;,&quot;focal_length&quot;:&quot;0&quot;,&quot;iso&quot;:&quot;0&quot;,&quot;shutter_speed&quot;:&quot;0&quot;,&quot;title&quot;:&quot;&quot;,&quot;orientation&quot;:&quot;0&quot;}\" data-image-title=\"Film d&#8217;animation 3D de promotion immobili\u00e8re d&#8217;int\u00e9rieurs d&#8217;appartements\" data-image-description=\"&lt;p&gt;Film d&#8217;animation 3D de promotion immobili\u00e8re d&#8217;int\u00e9rieurs d&#8217;appartements&lt;\/p&gt;\n\" data-medium-file=\"https:\/\/3dms.fr\/wp-content\/uploads\/2015\/11\/vimeo_bessancourt-300x169.png\" data-large-file=\"https:\/\/3dms.fr\/wp-content\/uploads\/2015\/11\/vimeo_bessancourt.png\" src=\"https:\/\/3dms.fr\/wp-content\/uploads\/2015\/11\/vimeo_bessancourt-371x210.png\" width=\"371\" height=\"210\" align=\"left\" title=\"Film d&#039;animation 3D de promotion immobili\u00e8re d&#039;int\u00e9rieurs d&#039;appartements\" \/><\/a><div class=\"tiled-gallery-caption\">Film d&#8217;animation 3D de promotion immobili\u00e8re d&#8217;int\u00e9rieurs d&#8217;appartements<\/div><\/div><\/div><\/div><div class=\"gallery-row\" style=\"width: 751px; height: 420px;\"><div class=\"gallery-group images-1\" style=\"width: 751px; height: 424px;\"><div class=\"tiled-gallery-item tiled-gallery-item-large\"><a href=\"https:\/\/vimeo.com\/142850063\" target=\"_self\"><img data-attachment-id=\"880\" data-orig-file=\"https:\/\/3dms.fr\/wp-content\/uploads\/2015\/11\/vimeo-kremlin-t2.png\" data-orig-size=\"961,540\" data-comments-opened=\"0\" data-image-meta=\"{&quot;aperture&quot;:&quot;0&quot;,&quot;credit&quot;:&quot;&quot;,&quot;camera&quot;:&quot;&quot;,&quot;caption&quot;:&quot;&quot;,&quot;created_timestamp&quot;:&quot;0&quot;,&quot;copyright&quot;:&quot;&quot;,&quot;focal_length&quot;:&quot;0&quot;,&quot;iso&quot;:&quot;0&quot;,&quot;shutter_speed&quot;:&quot;0&quot;,&quot;title&quot;:&quot;&quot;,&quot;orientation&quot;:&quot;0&quot;}\" data-image-title=\"Film d&#8217;animation 3D int\u00e9rieur de promotion immobili\u00e8re\" data-image-description=\"&lt;p&gt;Film d&#8217;animation 3D int\u00e9rieur de promotion immobili\u00e8re&lt;\/p&gt;\n\" data-medium-file=\"https:\/\/3dms.fr\/wp-content\/uploads\/2015\/11\/vimeo-kremlin-t2-300x169.png\" data-large-file=\"https:\/\/3dms.fr\/wp-content\/uploads\/2015\/11\/vimeo-kremlin-t2.png\" src=\"https:\/\/3dms.fr\/wp-content\/uploads\/2015\/11\/vimeo-kremlin-t2-747x420.png\" width=\"747\" height=\"420\" align=\"left\" title=\"Film d&#039;animation 3D int\u00e9rieur de promotion immobili\u00e8re\" \/><\/a><div class=\"tiled-gallery-caption\">Film d&#8217;animation 3D int\u00e9rieur de promotion immobili\u00e8re<\/div><\/div><\/div><\/div><\/div>\n<p>&nbsp;<\/p>\n","protected":false},"excerpt":{"rendered":"<p>Film d&#8217;animation int\u00e9rieure R\u00e9alisation d&#8217;un film 3D int\u00e9rieur d&#8217;un appartement, d&#8217;une maison, d&#8217;un b\u00e2timent,\u00a0dont l&#8217;objectif est de pr\u00e9senter l&#8217;ensemble des pi\u00e8ces de l&#8217;int\u00e9rieur concern\u00e9 (salon, cuisine, salle de bain et chambre). Quelques exemples de r\u00e9alisation : &nbsp;<\/p>\n","protected":false},"author":1,"featured_media":404,"parent":92,"menu_order":0,"comment_status":"closed","ping_status":"closed","template":"","meta":[],"aioseo_notices":[],"_links":{"self":[{"href":"https:\/\/3dms.fr\/index.php\/wp-json\/wp\/v2\/pages\/223"}],"collection":[{"href":"https:\/\/3dms.fr\/index.php\/wp-json\/wp\/v2\/pages"}],"about":[{"href":"https:\/\/3dms.fr\/index.php\/wp-json\/wp\/v2\/types\/page"}],"author":[{"embeddable":true,"href":"https:\/\/3dms.fr\/index.php\/wp-json\/wp\/v2\/users\/1"}],"replies":[{"embeddable":true,"href":"https:\/\/3dms.fr\/index.php\/wp-json\/wp\/v2\/comments?post=223"}],"version-history":[{"count":22,"href":"https:\/\/3dms.fr\/index.php\/wp-json\/wp\/v2\/pages\/223\/revisions"}],"predecessor-version":[{"id":846,"href":"https:\/\/3dms.fr\/index.php\/wp-json\/wp\/v2\/pages\/223\/revisions\/846"}],"up":[{"embeddable":true,"href":"https:\/\/3dms.fr\/index.php\/wp-json\/wp\/v2\/pages\/92"}],"wp:featuredmedia":[{"embeddable":true,"href":"https:\/\/3dms.fr\/index.php\/wp-json\/wp\/v2\/media\/404"}],"wp:attachment":[{"href":"https:\/\/3dms.fr\/index.php\/wp-json\/wp\/v2\/media?parent=223"}],"curies":[{"name":"wp","href":"https:\/\/api.w.org\/{rel}","templated":true}]}}