{"id":2033,"date":"2022-08-23T15:17:26","date_gmt":"2022-08-23T14:17:26","guid":{"rendered":"https:\/\/3dms.fr\/?page_id=2033"},"modified":"2024-06-10T08:27:50","modified_gmt":"2024-06-10T07:27:50","slug":"les-films-danimations-2","status":"publish","type":"page","link":"https:\/\/3dms.fr\/index.php\/les-films-danimations-2","title":{"rendered":"Les films d\u2019animations"},"content":{"rendered":"<h1 style=\"text-align: center;\">3dms&nbsp;r\u00e9alise pour vous un film sur mesure<\/h1>\n<div class=\"clearfix divider-common divider-thinfade\" style=\"padding-top:25px;padding-bottom:50px;\"><\/div>\n<span class=\"mtheme-dropcap dropcap1\">P<\/span>our la commercialisation d\u2019un projet immobilier, la communication sur un lieu en particulier, vous pouvez \u00eatre amen\u00e9 \u00e0 communiquer, aid\u00e9 par un film d\u2019animation 3D. Le film vous permet de visiter un appartement, une maison, un b\u00e2timent industriel de fa\u00e7on simple, claire et rapide.<\/p>\n<p style=\"text-align: justify;\"><span style=\"line-height: 1.5;\">3dms vous propose ses films d\u2019animation 3D dans lesquels par exemple vous vous d\u00e9placez (\u00c0 hauteur d\u2019homme) et suivez en parall\u00e8le sur une mini carte le d\u00e9placement du visiteur.&nbsp;La mod\u00e9lisation du projet peut \u00eatre int\u00e9grale, ou sur certaines parties ext\u00e9rieures.&nbsp;L&#8217;environnement imm\u00e9diat du projet peut \u00eatre r\u00e9alis\u00e9 au besoin.<br \/>\n<\/span><span style=\"line-height: 1.5;\">3dms r\u00e9alise \u00e9galement des visites immersives int\u00e9rieures en se d\u00e9pla\u00e7ant de pi\u00e8ce en pi\u00e8ce dans le logement.<\/span><\/p>\n<p>Pour en savoir plus, cliquez <a href=\"https:\/\/3dms.fr\/index.php\/demoreel-3dms\">ici<\/a> ou contactez nous au 02 96 58 63 40<\/p>\n<p style=\"text-align: justify;\"><span style=\"line-height: 1.5;\"><div class=\"clearfix divider-common divider-thinfade\" style=\"padding-top:25px;padding-bottom:25px;\"><\/div>\n<\/span><\/p>\n<h1 style=\"text-align: center;\">&nbsp;<\/h1>\n","protected":false},"excerpt":{"rendered":"<p>3dms&nbsp;r\u00e9alise pour vous un film sur mesure our la commercialisation d\u2019un projet immobilier, la communication sur un lieu en particulier, vous pouvez \u00eatre amen\u00e9 \u00e0 communiquer, aid\u00e9 par un film d\u2019animation 3D. Le film vous permet de visiter un appartement, une maison, un b\u00e2timent industriel de fa\u00e7on simple, claire et rapide. 3dms vous propose ses films d\u2019animation 3D dans lesquels par exemple vous vous d\u00e9placez (\u00c0 hauteur d\u2019homme) et suivez en parall\u00e8le sur une mini carte le d\u00e9placement du visiteur.&nbsp;La [&hellip;]<\/p>\n","protected":false},"author":1,"featured_media":0,"parent":0,"menu_order":0,"comment_status":"closed","ping_status":"closed","template":"","meta":[],"aioseo_notices":[],"_links":{"self":[{"href":"https:\/\/3dms.fr\/index.php\/wp-json\/wp\/v2\/pages\/2033"}],"collection":[{"href":"https:\/\/3dms.fr\/index.php\/wp-json\/wp\/v2\/pages"}],"about":[{"href":"https:\/\/3dms.fr\/index.php\/wp-json\/wp\/v2\/types\/page"}],"author":[{"embeddable":true,"href":"https:\/\/3dms.fr\/index.php\/wp-json\/wp\/v2\/users\/1"}],"replies":[{"embeddable":true,"href":"https:\/\/3dms.fr\/index.php\/wp-json\/wp\/v2\/comments?post=2033"}],"version-history":[{"count":19,"href":"https:\/\/3dms.fr\/index.php\/wp-json\/wp\/v2\/pages\/2033\/revisions"}],"predecessor-version":[{"id":2144,"href":"https:\/\/3dms.fr\/index.php\/wp-json\/wp\/v2\/pages\/2033\/revisions\/2144"}],"wp:attachment":[{"href":"https:\/\/3dms.fr\/index.php\/wp-json\/wp\/v2\/media?parent=2033"}],"curies":[{"name":"wp","href":"https:\/\/api.w.org\/{rel}","templated":true}]}}