{"id":186,"date":"2015-10-16T10:47:02","date_gmt":"2015-10-16T08:47:02","guid":{"rendered":"http:\/\/3dms.fr\/?page_id=186"},"modified":"2023-05-25T15:25:06","modified_gmt":"2023-05-25T14:25:06","slug":"accueil-vacances","status":"publish","type":"page","link":"https:\/\/3dms.fr\/","title":{"rendered":"Accueil"},"content":{"rendered":"<p>Promoteurs immobilier, constructeurs de maisons individuelles, agence de communication: 3dms r\u00e9alise pour vous tous types de travaux d&#8217;illustrations 2D\/3D, films d&#8217;animations et de pr\u00e9sentation, et vous propose un large panel d&#8217;outil interactif d&#8217;aide \u00e0 la vente. Fond\u00e9e en 2000, notre agence devient la votre le temps d&#8217;un projet. N&#8217;h\u00e9sitez pas \u00e0 entrer en contact avec nous pour plus d&#8217;informations.<\/p>\n","protected":false},"excerpt":{"rendered":"<p>Promoteurs immobilier, constructeurs de maisons individuelles, agence de communication: 3dms r\u00e9alise pour vous tous types de travaux d&#8217;illustrations 2D\/3D, films d&#8217;animations et de pr\u00e9sentation, et vous propose un large panel d&#8217;outil interactif d&#8217;aide \u00e0 la vente. Fond\u00e9e en 2000, notre agence devient la votre le temps d&#8217;un projet. N&#8217;h\u00e9sitez pas \u00e0 entrer en contact avec nous pour plus d&#8217;informations.<\/p>\n","protected":false},"author":1,"featured_media":0,"parent":0,"menu_order":0,"comment_status":"closed","ping_status":"closed","template":"template-fullscreen-home.php","meta":[],"aioseo_notices":[],"_links":{"self":[{"href":"https:\/\/3dms.fr\/index.php\/wp-json\/wp\/v2\/pages\/186"}],"collection":[{"href":"https:\/\/3dms.fr\/index.php\/wp-json\/wp\/v2\/pages"}],"about":[{"href":"https:\/\/3dms.fr\/index.php\/wp-json\/wp\/v2\/types\/page"}],"author":[{"embeddable":true,"href":"https:\/\/3dms.fr\/index.php\/wp-json\/wp\/v2\/users\/1"}],"replies":[{"embeddable":true,"href":"https:\/\/3dms.fr\/index.php\/wp-json\/wp\/v2\/comments?post=186"}],"version-history":[{"count":4,"href":"https:\/\/3dms.fr\/index.php\/wp-json\/wp\/v2\/pages\/186\/revisions"}],"predecessor-version":[{"id":2122,"href":"https:\/\/3dms.fr\/index.php\/wp-json\/wp\/v2\/pages\/186\/revisions\/2122"}],"wp:attachment":[{"href":"https:\/\/3dms.fr\/index.php\/wp-json\/wp\/v2\/media?parent=186"}],"curies":[{"name":"wp","href":"https:\/\/api.w.org\/{rel}","templated":true}]}}