{"id":179,"date":"2015-10-16T10:38:40","date_gmt":"2015-10-16T08:38:40","guid":{"rendered":"http:\/\/3dms.fr\/?page_id=179"},"modified":"2022-01-11T11:40:20","modified_gmt":"2022-01-11T10:40:20","slug":"lagence","status":"publish","type":"page","link":"https:\/\/3dms.fr\/index.php\/lagence","title":{"rendered":"L&#8217;agence 3dms"},"content":{"rendered":"<h1>3dms &#8211; 3D Media Studio<\/h1>\n<p>&nbsp;<\/p>\n<p><iframe loading=\"lazy\" src=\"https:\/\/player.vimeo.com\/video\/649898065?h=0c8951b95c&amp;app_id=122963?theme=none&amp;wmode=opaque\" width=\"756\" height=\"425\" frameborder=\"0\" allow=\"autoplay; fullscreen; picture-in-picture\" allowfullscreen title=\"SHOWREEL 2022\"><\/iframe><\/p>\n<div class=\"column2 column_space\"><p><img class=\"size-full wp-image-1320 alignleft\" src=\"\/\/3dms.fr\/wp-content\/uploads\/2015\/10\/illustration-des-bureaux-3dms.jpg\" alt=\"Illustration des bureaux 3dms\" \/>3dms est une agence multim\u00e9dia, cr\u00e9\u00e9e en 2000 par Erwan Minier\u00a0et sp\u00e9cialis\u00e9e\u00a0dans la conception de supports de communication innovants.<br \/>\nNous travaillons sur l\u2019ensemble du territoire, pour les plus grands\u00a0promoteurs immobiliers et plusieurs grandes marques nationales\u00a0comme Leroy Merlin, L\u2019Or\u00e9al ou Disney.<\/p><\/div>\n<div class=\"column2 clearfix\"><p>Nous attachons une grande importance \u00e0 ce que nous appelons\u00a0le \u00ab b\u00e9n\u00e9fice client final \u00bb et notre ma\u00eetrise de la 3D, des technologies\u00a0du web et du print nous permet de repousser les limites de notre<br \/>\ncr\u00e9ativit\u00e9.<\/p>\n<p>L\u2019innovation fait partie int\u00e9grante de notre ADN et r\u00e9pondre aux\u00a0besoins de nos clients en tirant le meilleur des nouvelles technologies\u00a0nous passionne.<br \/>\nNotre \u00e9quipe, pluridisciplinaire, est \u00e0 votre \u00e9coute et devient\u00a0la v\u00f4tre, le temps d\u2019un projet.<\/p>\n<p>Alors, si vous \u00eates en recherche\u00a0d\u2019une approche nouvelle et innovante, <strong><a href=\"\/\/3dms.fr\/index.php\/contact\/\">contactez-nous<\/a><\/strong>.<\/p><\/div><div class=\"clear\"><\/div>\n","protected":false},"excerpt":{"rendered":"<p>3dms &#8211; 3D Media Studio &nbsp;<\/p>\n","protected":false},"author":1,"featured_media":0,"parent":0,"menu_order":0,"comment_status":"closed","ping_status":"closed","template":"","meta":[],"aioseo_notices":[],"_links":{"self":[{"href":"https:\/\/3dms.fr\/index.php\/wp-json\/wp\/v2\/pages\/179"}],"collection":[{"href":"https:\/\/3dms.fr\/index.php\/wp-json\/wp\/v2\/pages"}],"about":[{"href":"https:\/\/3dms.fr\/index.php\/wp-json\/wp\/v2\/types\/page"}],"author":[{"embeddable":true,"href":"https:\/\/3dms.fr\/index.php\/wp-json\/wp\/v2\/users\/1"}],"replies":[{"embeddable":true,"href":"https:\/\/3dms.fr\/index.php\/wp-json\/wp\/v2\/comments?post=179"}],"version-history":[{"count":21,"href":"https:\/\/3dms.fr\/index.php\/wp-json\/wp\/v2\/pages\/179\/revisions"}],"predecessor-version":[{"id":1997,"href":"https:\/\/3dms.fr\/index.php\/wp-json\/wp\/v2\/pages\/179\/revisions\/1997"}],"wp:attachment":[{"href":"https:\/\/3dms.fr\/index.php\/wp-json\/wp\/v2\/media?parent=179"}],"curies":[{"name":"wp","href":"https:\/\/api.w.org\/{rel}","templated":true}]}}