{"id":1549,"date":"2016-10-18T10:00:43","date_gmt":"2016-10-18T08:00:43","guid":{"rendered":"http:\/\/3dms.fr\/?page_id=1549"},"modified":"2020-12-21T11:43:02","modified_gmt":"2020-12-21T10:43:02","slug":"deposez-votre-cv","status":"publish","type":"page","link":"https:\/\/3dms.fr\/index.php\/deposez-votre-cv","title":{"rendered":"3dms recrute"},"content":{"rendered":"<h2>Toujours \u00e0 la recherche de nouveaux talents<\/h2>\n<p>3dms recherche un(e) infographiste 2D 3D pour le secteur de l\u2019immobilier, l\u2019architecture et la communication.<\/p>\n<p>Au sein d\u2019une structure 3D dynamique et rigoureuse, vous r\u00e9aliserez des illustrations et des films pour les secteurs de la promotion immobili\u00e8re, de l&#8217;architecture et de la communication.<br \/>\nVous serez charg\u00e9(e) de r\u00e9aliser en totale autonomie des films et des visuels de qualit\u00e9 identique \u00e0 ceux commercialis\u00e9s par 3dms.<\/p>\n<h3>Profil du candidat<\/h3>\n<ul>\n<li>Organis\u00e9, rigoureux, autonome, polyvalent, force de proposition.<\/li>\n<li>Go\u00fbt pour le travail en \u00e9quipe.<\/li>\n<li>Go\u00fbt pour le design et la d\u00e9coration.<\/li>\n<li>Exp\u00e9riment\u00e9 sur plusieurs logiciels tels que : 3dsMax \/ Vray \/ Suite Adobe : Photoshop \/ After Effects \/ Premi\u00e8re \/ Lumion<\/li>\n<li>Exp\u00e9rience dans le domaine de l\u2019immobilier, l\u2019architecture, le design et la communication.<\/li>\n<li>Exp\u00e9rience souhait\u00e9e de 2 \u00e0 3 ans dans un poste similaire.<\/li>\n<li>Poste CDI bas\u00e9 \u00e0 Pl\u00e9rin (22190), \u00e0 pourvoir \u00e0 partir de janvier 2021.<\/li>\n<\/ul>\n<div role=\"form\" class=\"wpcf7\" id=\"wpcf7-f1556-o1\" lang=\"en-US\" dir=\"ltr\">\n<div class=\"screen-reader-response\"><p role=\"status\" aria-live=\"polite\" aria-atomic=\"true\"><\/p> <ul><\/ul><\/div>\n<form action=\"\/index.php\/wp-json\/wp\/v2\/pages\/1549#wpcf7-f1556-o1\" method=\"post\" class=\"wpcf7-form init\" enctype=\"multipart\/form-data\" novalidate=\"novalidate\" data-status=\"init\">\n<div style=\"display: none;\">\n<input type=\"hidden\" name=\"_wpcf7\" value=\"1556\" \/>\n<input type=\"hidden\" name=\"_wpcf7_version\" value=\"5.6.2\" \/>\n<input type=\"hidden\" name=\"_wpcf7_locale\" value=\"en_US\" \/>\n<input type=\"hidden\" name=\"_wpcf7_unit_tag\" value=\"wpcf7-f1556-o1\" \/>\n<input type=\"hidden\" name=\"_wpcf7_container_post\" value=\"0\" \/>\n<input type=\"hidden\" name=\"_wpcf7_posted_data_hash\" value=\"\" \/>\n<\/div>\n<p>Votre Nom (n\u00e9cessaire)<br \/>\n    <span class=\"wpcf7-form-control-wrap\" data-name=\"your-name\"><input type=\"text\" name=\"your-name\" value=\"\" size=\"40\" class=\"wpcf7-form-control wpcf7-text wpcf7-validates-as-required\" aria-required=\"true\" aria-invalid=\"false\" \/><\/span> <\/p>\n<p>Votre courriel (n\u00e9cessaire)<br \/>\n    <span class=\"wpcf7-form-control-wrap\" data-name=\"your-email\"><input type=\"email\" name=\"your-email\" value=\"\" size=\"40\" class=\"wpcf7-form-control wpcf7-text wpcf7-email wpcf7-validates-as-required wpcf7-validates-as-email\" aria-required=\"true\" aria-invalid=\"false\" \/><\/span> <\/p>\n<p>Votre num\u00e9ro de t\u00e9l\u00e9phone<br \/>\n    <span class=\"wpcf7-form-control-wrap\" data-name=\"tel-690\"><input type=\"tel\" name=\"tel-690\" value=\"\" size=\"40\" class=\"wpcf7-form-control wpcf7-text wpcf7-tel wpcf7-validates-as-tel\" aria-invalid=\"false\" \/><\/span> <\/p>\n<p>Le sujet de votre message<br \/>\n    <span class=\"wpcf7-form-control-wrap\" data-name=\"your-subject\"><input type=\"text\" name=\"your-subject\" value=\"\" size=\"40\" class=\"wpcf7-form-control wpcf7-text\" aria-invalid=\"false\" \/><\/span> <\/p>\n<p>Votre message<br \/>\n    <span class=\"wpcf7-form-control-wrap\" data-name=\"your-message\"><textarea name=\"your-message\" cols=\"40\" rows=\"10\" class=\"wpcf7-form-control wpcf7-textarea\" aria-invalid=\"false\"><\/textarea><\/span> <\/p>\n<p>Votre pi\u00e8ce jointe (max 5 MO)<br \/>\n<span class=\"wpcf7-form-control-wrap\" data-name=\"your-file\"><input type=\"file\" name=\"your-file\" size=\"40\" class=\"wpcf7-form-control wpcf7-file\" accept=\".pdf,.txt\" aria-invalid=\"false\" \/><\/span>\n<\/p>\n<p><input type=\"hidden\" name=\"_wpcf7_captcha_challenge_captcha-412\" value=\"1681960430\" \/><img class=\"wpcf7-form-control wpcf7-captchac wpcf7-captcha-captcha-412\" width=\"72\" height=\"24\" alt=\"captcha\" src=\"https:\/\/3dms.fr\/wp-content\/uploads\/wpcf7_captcha\/1681960430.png\" \/> <span class=\"wpcf7-form-control-wrap\" data-name=\"captcha-412\"><input type=\"text\" name=\"captcha-412\" value=\"\" size=\"40\" class=\"wpcf7-form-control wpcf7-captchar\" autocomplete=\"off\" aria-invalid=\"false\" \/><\/span><\/p>\n<\/p>\n<p><input type=\"submit\" value=\"Envoyez\" class=\"wpcf7-form-control has-spinner wpcf7-submit\" \/><\/p>\n<div class=\"wpcf7-response-output\" aria-hidden=\"true\"><\/div><\/form><\/div>\n<p>&nbsp;<\/p>\n","protected":false},"excerpt":{"rendered":"<p>Toujours \u00e0 la recherche de nouveaux talents 3dms recherche un(e) infographiste 2D 3D pour le secteur de l\u2019immobilier, l\u2019architecture et la communication. Au sein d\u2019une structure 3D dynamique et rigoureuse, vous r\u00e9aliserez des illustrations et des films pour les secteurs de la promotion immobili\u00e8re, de l&#8217;architecture et de la communication. Vous serez charg\u00e9(e) de r\u00e9aliser en totale autonomie des films et des visuels de qualit\u00e9 identique \u00e0 ceux commercialis\u00e9s par 3dms. Profil du candidat Organis\u00e9, rigoureux, autonome, polyvalent, force de [&hellip;]<\/p>\n","protected":false},"author":1,"featured_media":0,"parent":0,"menu_order":0,"comment_status":"closed","ping_status":"closed","template":"","meta":[],"aioseo_notices":[],"_links":{"self":[{"href":"https:\/\/3dms.fr\/index.php\/wp-json\/wp\/v2\/pages\/1549"}],"collection":[{"href":"https:\/\/3dms.fr\/index.php\/wp-json\/wp\/v2\/pages"}],"about":[{"href":"https:\/\/3dms.fr\/index.php\/wp-json\/wp\/v2\/types\/page"}],"author":[{"embeddable":true,"href":"https:\/\/3dms.fr\/index.php\/wp-json\/wp\/v2\/users\/1"}],"replies":[{"embeddable":true,"href":"https:\/\/3dms.fr\/index.php\/wp-json\/wp\/v2\/comments?post=1549"}],"version-history":[{"count":17,"href":"https:\/\/3dms.fr\/index.php\/wp-json\/wp\/v2\/pages\/1549\/revisions"}],"predecessor-version":[{"id":1993,"href":"https:\/\/3dms.fr\/index.php\/wp-json\/wp\/v2\/pages\/1549\/revisions\/1993"}],"wp:attachment":[{"href":"https:\/\/3dms.fr\/index.php\/wp-json\/wp\/v2\/media?parent=1549"}],"curies":[{"name":"wp","href":"https:\/\/api.w.org\/{rel}","templated":true}]}}