{"id":1392,"date":"2015-11-18T18:18:03","date_gmt":"2015-11-18T16:18:03","guid":{"rendered":"http:\/\/3dms.fr\/?page_id=1392"},"modified":"2017-11-06T10:32:01","modified_gmt":"2017-11-06T09:32:01","slug":"mentions-legales","status":"publish","type":"page","link":"https:\/\/3dms.fr\/index.php\/mentions-legales","title":{"rendered":"mentions l\u00e9gales"},"content":{"rendered":"<p>Le site web de la soci\u00e9t\u00e9 3dms est g\u00e9r\u00e9 par 3dms qui assure la mise \u00e0 jour des actus et la mise en ligne des nouvelles r\u00e9alisations \u00e0 destination de ses clients.<\/p>\n<p style=\"text-align: justify;\">Adresse du si\u00e8ge social :<\/p>\n<p style=\"text-align: justify;\">SARL 3dms &#8211; Capital: 11000 euros.<\/p>\n<p style=\"text-align: justify;\">23, rue de la Croix Lormel<br \/>\n22190 PL\u00c9RIN SUR MER<\/p>\n<p style=\"text-align: justify;\">Tel. : +33 (0)2 96 58 63 40<br \/>\nFax : +33 (0)2 96\u00a081 80 80<br \/>\nPort. : +33 (0)6 62 87 61 19<br \/>\n3 d m s @ 3 d m s . f r<\/p>\n<p style=\"text-align: justify;\">RCS Saint-Brieuc: 433238052<\/p>\n<p style=\"text-align: justify;\">TVA intracommunautaire: FR13433238052<\/p>\n<p style=\"text-align: justify;\">Directeur de publication : Erwan Minier<\/p>\n<p style=\"text-align: justify;\">OVH<br \/>\nSi\u00e8ge social : 2 rue Kellermann &#8211; 59100 Roubaix &#8211; France<\/p>\n<p style=\"text-align: justify;\">L&#8217;ensemble du site <a href=\"https:\/\/www.3dms.fr\">www.3dms.fr<\/a> et tous ses contenus rel\u00e8vent de la l\u00e9gislation fran\u00e7aise et internationale sur le droit d&#8217;auteur et la propri\u00e9t\u00e9 intellectuelle. Tous les droits de reproduction sont, d\u00e8s lors, r\u00e9serv\u00e9s, y compris pour les documents t\u00e9l\u00e9chargeables et les repr\u00e9sentations iconographiques et photographiques. La reproduction de tout ou partie de ce site sur un support \u00e9lectronique, quel qu&#8217;il soit, est formellement interdite sauf autorisation expresse du directeur de la publication, en vertu de l&#8217;article L.122-4 du Code de la Propri\u00e9t\u00e9 Intellectuelle.<\/p>\n<p style=\"text-align: justify;\">La reproduction des textes et des photos de ce site est autoris\u00e9e dans un cadre informatif sur les activit\u00e9s de la soci\u00e9t\u00e9 <a href=\"\/\/3dms.fr\/index.php\/lagence\">3dms<\/a> ainsi que sur les projets ou r\u00e9f\u00e9rences des infographies (architectes, promoteurs, etc.), sous r\u00e9serve du respect r\u00e8gles suivantes :<br \/>\n\u00b7 Respect de l&#8217;int\u00e9grit\u00e9 des infographies reproduites : pas de modification ni alt\u00e9ration d&#8217;aucune sorte.<br \/>\n\u00b7 Gratuit\u00e9 de la diffusion<br \/>\n\u00b7 Citation claire et lisible de la source sous la forme suivante : &#8220;Infographies \u00a9 3dms \/ <a href=\"https:\/\/www.3dms.fr\">www.3dms.fr<\/a>&#8221;<br \/>\n\u00b7 Les droits de reproduction sont r\u00e9serv\u00e9s et strictement limit\u00e9s.<\/p>\n<p style=\"text-align: justify;\">L&#8217;adresse internet de <a href=\"\/\/3dms.fr\/index.php\/lagence\">3dms<\/a> doit imp\u00e9rativement figurer dans la r\u00e9f\u00e9rence. Cette mention contiendra un lien hypertexte pointant vers le site <a href=\"https:\/\/www.3dms.fr\">www.3dms.fr<\/a> Pour d&#8217;autres utilisations, veuillez nous consulter.<br \/>\nLes marques \u00e9ventuellement cit\u00e9es sur ce site sont d\u00e9pos\u00e9es par les soci\u00e9t\u00e9s qui en sont propri\u00e9taires.<\/p>\n<p style=\"text-align: justify;\">\n\t<div class=\"spaced-wrap clearfix\">\n\t\t<div class=\"flexslider-container-page flexislider-container-ID69e0b7de3555 \">\n\t\t\t<div id=\"flexID69e0b7de3555\" class=\"flexslider\">\n\t\t\t<ul class=\"slides\"><li><a class=\"gridblock-image-link flexislideshow-link\" rel=\"prettyPhoto[1392-274a]\" href=\"https:\/\/3dms.fr\/wp-content\/uploads\/2016\/12\/showreel2016.jpg\"><img src=\"https:\/\/3dms.fr\/wp-content\/uploads\/2016\/12\/showreel2016.jpg\" alt=\"Par un Showreel, d\u00e9couvrez le savoir-faire 3dms\" class=\"displayed-image\"\/><\/a><div class=\"sc_slideshowtitle\">Showreel2016<\/div><\/li><li><a class=\"gridblock-image-link flexislideshow-link\" rel=\"prettyPhoto[1392-274a]\" href=\"https:\/\/3dms.fr\/wp-content\/uploads\/2016\/04\/perspective-interieure-au-realisme-saisissant.jpg\"><img src=\"https:\/\/3dms.fr\/wp-content\/uploads\/2016\/04\/perspective-interieure-au-realisme-saisissant.jpg\" alt=\"\" class=\"displayed-image\"\/><\/a><div class=\"sc_slideshowtitle\">Perspective 3D int\u00e9rieure au r\u00e9alisme saisissant<\/div><\/li><li><a class=\"gridblock-image-link flexislideshow-link\" rel=\"prettyPhoto[1392-274a]\" href=\"https:\/\/3dms.fr\/wp-content\/uploads\/2016\/01\/po_lecottage_sd_.jpg\"><img src=\"https:\/\/3dms.fr\/wp-content\/uploads\/2016\/01\/po_lecottage_sd_.jpg\" alt=\"\" class=\"displayed-image\"\/><\/a><div class=\"sc_slideshowtitle\">Illustration 3D axonom\u00e9trique de lotissement<\/div><\/li><li><a class=\"gridblock-image-link flexislideshow-link\" rel=\"prettyPhoto[1392-274a]\" href=\"https:\/\/3dms.fr\/wp-content\/uploads\/2015\/10\/vimeo_aubervillier.png\"><img src=\"https:\/\/3dms.fr\/wp-content\/uploads\/2015\/10\/vimeo_aubervillier.png\" alt=\"\" class=\"displayed-image\"\/><\/a><div class=\"sc_slideshowtitle\">Film d'animation 3D de projet immobilier<\/div><\/li><li><a class=\"gridblock-image-link flexislideshow-link\" rel=\"prettyPhoto[1392-274a]\" href=\"https:\/\/3dms.fr\/wp-content\/uploads\/2015\/10\/perspective-exterieure-3d-darchitecte-pour-un-projet-de-promotion-immobiliere.jpg\"><img src=\"https:\/\/3dms.fr\/wp-content\/uploads\/2015\/10\/perspective-exterieure-3d-darchitecte-pour-un-projet-de-promotion-immobiliere.jpg\" alt=\"Proposition pour un visuel 3D d'illustration de perspective ext\u00e9rieure 3D pour la promotion immobili\u00e8re avec insertion dans une zone commerciale\" class=\"displayed-image\"\/><\/a><div class=\"sc_slideshowtitle\">Perspective ext\u00e9rieure 3D d'architecte pour un projet de promotion immobili\u00e8re<\/div><\/li><li><a class=\"gridblock-image-link flexislideshow-link\" rel=\"prettyPhoto[1392-274a]\" href=\"https:\/\/3dms.fr\/wp-content\/uploads\/2015\/10\/visuel-dillustration-des-bureaux-3dms.jpg\"><img src=\"https:\/\/3dms.fr\/wp-content\/uploads\/2015\/10\/visuel-dillustration-des-bureaux-3dms.jpg\" alt=\"\" class=\"displayed-image\"\/><\/a><div class=\"sc_slideshowtitle\">Visuel d'Illustration des bureaux 3dms<\/div><\/li><li><a class=\"gridblock-image-link flexislideshow-link\" rel=\"prettyPhoto[1392-274a]\" href=\"https:\/\/3dms.fr\/wp-content\/uploads\/2015\/10\/image-3d-dillustration-de-balcon-de-residence-a-deauville.jpg\"><img src=\"https:\/\/3dms.fr\/wp-content\/uploads\/2015\/10\/image-3d-dillustration-de-balcon-de-residence-a-deauville.jpg\" alt=\"Visuel d'illustration 3D de vue balcon d'un projet immobilier \u00e0 Deauville\" class=\"displayed-image\"\/><\/a><div class=\"sc_slideshowtitle\">Image 3D d'illustration de balcon de r\u00e9sidence \u00e0 Deauville<\/div><\/li><\/ul><\/div><\/div><\/div>\n<script type=\"text\/javascript\">\n\tjQuery(window).load(function() {\n\t\tjQuery(\"#flexID69e0b7de3555\").flexslider({\n\t\t\tanimation: \"fade\",\n\t\t\tslideshow: false,\n\t\t\tpauseOnAction: true,\n\t\t\tpauseOnHover: true,\n\t\t\tsmoothHeight: true,\n\t\t\tcontrolsContainer: \"flexslider-container-ID69e0b7de3555\",\n\t\t\tstart: function(){\n\t\t\t\tjQuery(\".flexslider-container-page,.gridblock-element .ajax-image-block\").css(\"background\",\"none\");\n\t\t\t},\n\t\t});\n\t});\n<\/script>\n\n<p style=\"text-align: justify;\"><img loading=\"lazy\" width=\"90\" height=\"50\" class=\"alignnone size-full wp-image-1621\" src=\"https:\/\/3dms.fr\/wp-content\/uploads\/2015\/11\/RapidSSL_SEAL-90x50.gif\" alt=\"RapidSSL_SEAL-90x50\" srcset=\"https:\/\/3dms.fr\/wp-content\/uploads\/2015\/11\/RapidSSL_SEAL-90x50.gif 90w, https:\/\/3dms.fr\/wp-content\/uploads\/2015\/11\/RapidSSL_SEAL-90x50-50x28.gif 50w\" sizes=\"(max-width: 90px) 100vw, 90px\" \/><\/p>\n","protected":false},"excerpt":{"rendered":"<p>Le site web de la soci\u00e9t\u00e9 3dms est g\u00e9r\u00e9 par 3dms qui assure la mise \u00e0 jour des actus et la mise en ligne des nouvelles r\u00e9alisations \u00e0 destination de ses clients. Adresse du si\u00e8ge social : SARL 3dms &#8211; Capital: 11000 euros. 23, rue de la Croix Lormel 22190 PL\u00c9RIN SUR MER Tel. : +33 (0)2 96 58 63 40 Fax : +33 (0)2 96\u00a081 80 80 Port. : +33 (0)6 62 87 61 19 3 d m s [&hellip;]<\/p>\n","protected":false},"author":1,"featured_media":0,"parent":0,"menu_order":0,"comment_status":"closed","ping_status":"closed","template":"","meta":[],"aioseo_notices":[],"_links":{"self":[{"href":"https:\/\/3dms.fr\/index.php\/wp-json\/wp\/v2\/pages\/1392"}],"collection":[{"href":"https:\/\/3dms.fr\/index.php\/wp-json\/wp\/v2\/pages"}],"about":[{"href":"https:\/\/3dms.fr\/index.php\/wp-json\/wp\/v2\/types\/page"}],"author":[{"embeddable":true,"href":"https:\/\/3dms.fr\/index.php\/wp-json\/wp\/v2\/users\/1"}],"replies":[{"embeddable":true,"href":"https:\/\/3dms.fr\/index.php\/wp-json\/wp\/v2\/comments?post=1392"}],"version-history":[{"count":7,"href":"https:\/\/3dms.fr\/index.php\/wp-json\/wp\/v2\/pages\/1392\/revisions"}],"predecessor-version":[{"id":1622,"href":"https:\/\/3dms.fr\/index.php\/wp-json\/wp\/v2\/pages\/1392\/revisions\/1622"}],"wp:attachment":[{"href":"https:\/\/3dms.fr\/index.php\/wp-json\/wp\/v2\/media?parent=1392"}],"curies":[{"name":"wp","href":"https:\/\/api.w.org\/{rel}","templated":true}]}}