{"id":139,"date":"2015-09-08T17:26:45","date_gmt":"2015-09-08T15:26:45","guid":{"rendered":"http:\/\/3dms.fr\/?page_id=139"},"modified":"2022-04-29T09:54:28","modified_gmt":"2022-04-29T08:54:28","slug":"outils-daide-a-la-vente","status":"publish","type":"page","link":"https:\/\/3dms.fr\/index.php\/prestations\/outils-daide-a-la-vente","title":{"rendered":"Les outils d&#8217;aide \u00e0 la vente"},"content":{"rendered":"<h1 style=\"text-align: center;\"><\/h1>\n<div class=\"clearfix divider-common divider-thinfade\" style=\"padding-top:25px;padding-bottom:10px;\"><\/div>\n<h1 style=\"text-align: center;\"><a href=\"\/\/3dms.fr\/index.php\/prestations\/outils-daide-a-la-vente\/maquette-3d-interactive-de-promotion-immobiliere\/\">3dms\u00a0r\u00e9alise pour vous une maquette\u00a0sur mesure.<\/a><\/h1>\n<div id=\"attachment_1152\" style=\"width: 310px\" class=\"wp-caption alignright\"><a href=\"\/\/3dms.fr\/index.php\/prestations\/outils-daide-a-la-vente\/maquette-3d-interactive-de-promotion-immobiliere\/\"><img aria-describedby=\"caption-attachment-1152\" loading=\"lazy\" class=\"wp-image-1152 size-medium\" title=\"D\u00e9monstration de la fonctionnalit\u00e9 d'une maquette interactive de projet immobilier\" src=\"\/\/3dms.fr\/wp-content\/uploads\/2015\/09\/portfolio_maquette_interactive-300x169.png\" alt=\"Image d'introduction au lancement de l'outil de vente immobili\u00e8re\" width=\"300\" height=\"169\" srcset=\"https:\/\/3dms.fr\/wp-content\/uploads\/2015\/09\/portfolio_maquette_interactive-300x169.png 300w, https:\/\/3dms.fr\/wp-content\/uploads\/2015\/09\/portfolio_maquette_interactive-1024x577.png 1024w, https:\/\/3dms.fr\/wp-content\/uploads\/2015\/09\/portfolio_maquette_interactive-1200x676.png 1200w, https:\/\/3dms.fr\/wp-content\/uploads\/2015\/09\/portfolio_maquette_interactive-924x520.png 924w, https:\/\/3dms.fr\/wp-content\/uploads\/2015\/09\/portfolio_maquette_interactive-50x28.png 50w, https:\/\/3dms.fr\/wp-content\/uploads\/2015\/09\/portfolio_maquette_interactive.png 1284w\" sizes=\"(max-width: 300px) 100vw, 300px\" \/><\/a><p id=\"caption-attachment-1152\" class=\"wp-caption-text\">Notre offre de maquette interactive<\/p><\/div>\n<div>\n<p style=\"text-align: justify;\">Profitez d\u00e8s aujourd&#8217;hui d&#8217;un outil interactif de pr\u00e9sentation de votre projet. Naviguez autour de votre future construction de mani\u00e8re simple et intuitive. Ins\u00e9rez de nombreuses informations concernant vos lots telles que brochure, illustrations, films&#8230; De nombreuses options s&#8217;offrent \u00e0 vous pour un produit au standard de votre entreprise et au co\u00fbt ma\u00eetris\u00e9.<\/p>\n<\/div>\n<div>\n<p><span style=\"text-decoration: underline;\"><a href=\"\/\/3dms.fr\/index.php\/prestations\/outils-daide-a-la-vente\/maquette-3d-interactive-de-promotion-immobiliere\/\">D\u00e9couvrir notre offre &#8220;MAQUETTE INTERACTIVE&#8221;<\/a><\/span><\/p>\n<\/div>\n<p>&nbsp;<\/p>\n<p>&nbsp;<\/p>\n<div class=\"clearfix divider-common divider-thinfade\" style=\"padding-top:25px;padding-bottom:10px;\"><\/div>\n<h1 style=\"text-align: center;\"><a href=\"\/\/3dms.fr\/index.php\/prestations\/outils-daide-a-la-vente\/visite-virtuelle\/\">3dms r\u00e9alise pour vous\u00a0la visite virtuelle de votre bien.<\/a><\/h1>\n<div id=\"attachment_1155\" style=\"width: 310px\" class=\"wp-caption alignleft\"><a href=\"\/\/3dms.fr\/index.php\/prestations\/outils-daide-a-la-vente\/visite-virtuelle\/\"><img aria-describedby=\"caption-attachment-1155\" loading=\"lazy\" class=\"wp-image-1155 size-medium\" title=\"Les outils d'aide \u00e0 la vente 3dms avec visite virtuelle immersive\" src=\"\/\/3dms.fr\/wp-content\/uploads\/2015\/09\/portfolio-visite-virtuelle-300x171.png\" alt=\"Image d'aper\u00e7u de l'outil de visite virtuelle immersive de bien immobilier\" width=\"300\" height=\"171\" srcset=\"https:\/\/3dms.fr\/wp-content\/uploads\/2015\/09\/portfolio-visite-virtuelle-300x171.png 300w, https:\/\/3dms.fr\/wp-content\/uploads\/2015\/09\/portfolio-visite-virtuelle-50x28.png 50w, https:\/\/3dms.fr\/wp-content\/uploads\/2015\/09\/portfolio-visite-virtuelle.png 786w\" sizes=\"(max-width: 300px) 100vw, 300px\" \/><\/a><p id=\"caption-attachment-1155\" class=\"wp-caption-text\">En savoir plus sur nos solutions visite virtuelle<\/p><\/div>\n<p style=\"text-align: justify;\">Cette\u00a0visite virtuelle vous\u00a0offre la possibilit\u00e9 de vous d\u00e9placer dans un appartement\/maison t\u00e9moin et de faire d\u00e9couvrir votre projet de mani\u00e8re ludique, que ce soit sur votre site web ou votre espace de vente. Compatible sur tous les supports modernes (smartphone, tablette, et tous les navigateurs web).<\/p>\n<p style=\"text-align: right;\"><span style=\"text-decoration: underline;\"><a href=\"\/\/3dms.fr\/index.php\/prestations\/outils-daide-a-la-vente\/visite-virtuelle\/\">Decouvrir notre offre &#8220;VISITE VIRTUELLE&#8221;<\/a><\/span><\/p>\n<p>&nbsp;<\/p>\n<p>&nbsp;<\/p>\n<div class=\"clearfix divider-common divider-thinfade\" style=\"padding-top:25px;padding-bottom:10px;\"><\/div>\n","protected":false},"excerpt":{"rendered":"<p>3dms\u00a0r\u00e9alise pour vous une maquette\u00a0sur mesure. Profitez d\u00e8s aujourd&#8217;hui d&#8217;un outil interactif de pr\u00e9sentation de votre projet. Naviguez autour de votre future construction de mani\u00e8re simple et intuitive. Ins\u00e9rez de nombreuses informations concernant vos lots telles que brochure, illustrations, films&#8230; De nombreuses options s&#8217;offrent \u00e0 vous pour un produit au standard de votre entreprise et au co\u00fbt ma\u00eetris\u00e9. D\u00e9couvrir notre offre &#8220;MAQUETTE INTERACTIVE&#8221; &nbsp; &nbsp; 3dms r\u00e9alise pour vous\u00a0la visite virtuelle de votre bien. Cette\u00a0visite virtuelle vous\u00a0offre la possibilit\u00e9 de [&hellip;]<\/p>\n","protected":false},"author":1,"featured_media":0,"parent":92,"menu_order":0,"comment_status":"closed","ping_status":"closed","template":"","meta":[],"aioseo_notices":[],"_links":{"self":[{"href":"https:\/\/3dms.fr\/index.php\/wp-json\/wp\/v2\/pages\/139"}],"collection":[{"href":"https:\/\/3dms.fr\/index.php\/wp-json\/wp\/v2\/pages"}],"about":[{"href":"https:\/\/3dms.fr\/index.php\/wp-json\/wp\/v2\/types\/page"}],"author":[{"embeddable":true,"href":"https:\/\/3dms.fr\/index.php\/wp-json\/wp\/v2\/users\/1"}],"replies":[{"embeddable":true,"href":"https:\/\/3dms.fr\/index.php\/wp-json\/wp\/v2\/comments?post=139"}],"version-history":[{"count":76,"href":"https:\/\/3dms.fr\/index.php\/wp-json\/wp\/v2\/pages\/139\/revisions"}],"predecessor-version":[{"id":2004,"href":"https:\/\/3dms.fr\/index.php\/wp-json\/wp\/v2\/pages\/139\/revisions\/2004"}],"up":[{"embeddable":true,"href":"https:\/\/3dms.fr\/index.php\/wp-json\/wp\/v2\/pages\/92"}],"wp:attachment":[{"href":"https:\/\/3dms.fr\/index.php\/wp-json\/wp\/v2\/media?parent=139"}],"curies":[{"name":"wp","href":"https:\/\/api.w.org\/{rel}","templated":true}]}}